{"id":933,"date":"2022-01-04T14:09:36","date_gmt":"2022-01-04T13:09:36","guid":{"rendered":"https:\/\/stagekisme.westeurope.cloudapp.azure.com\/?page_id=933"},"modified":"2024-07-01T10:03:29","modified_gmt":"2024-07-01T08:03:29","slug":"erfolgsgeschichten","status":"publish","type":"page","link":"https:\/\/kisme.com\/de\/loesungen\/erfolgsgeschichten\/","title":{"rendered":"Erfolgsgeschichten"},"content":{"rendered":"\t\t<div data-elementor-type=\"wp-page\" data-elementor-id=\"933\" class=\"elementor elementor-933\">\n\t\t\t\t\t\t<section class=\"elementor-section elementor-top-section elementor-element elementor-element-45d07c1 elementor-section-boxed elementor-section-height-default elementor-section-height-default parallax_section_no qode_elementor_container_no\" data-id=\"45d07c1\" data-element_type=\"section\">\n\t\t\t\t\t\t<div class=\"elementor-container elementor-column-gap-default\">\n\t\t\t\t\t<div class=\"elementor-column elementor-col-100 elementor-top-column elementor-element elementor-element-377922b\" data-id=\"377922b\" data-element_type=\"column\">\n\t\t\t<div class=\"elementor-widget-wrap elementor-element-populated\">\n\t\t\t\t\t\t<div class=\"elementor-element elementor-element-6578389 elementor-widget elementor-widget-heading\" data-id=\"6578389\" data-element_type=\"widget\" data-widget_type=\"heading.default\">\n\t\t\t\t<div class=\"elementor-widget-container\">\n\t\t\t\t\t<h6 class=\"elementor-heading-title elementor-size-default\">Details direkt aus der Praxis<\/h6>\t\t\t\t<\/div>\n\t\t\t\t<\/div>\n\t\t\t\t<div class=\"elementor-element elementor-element-e9bdfcf elementor-widget-divider--view-line elementor-widget elementor-widget-divider\" data-id=\"e9bdfcf\" data-element_type=\"widget\" data-widget_type=\"divider.default\">\n\t\t\t\t<div class=\"elementor-widget-container\">\n\t\t\t\t\t\t\t<div class=\"elementor-divider\">\n\t\t\t<span class=\"elementor-divider-separator\">\n\t\t\t\t\t\t<\/span>\n\t\t<\/div>\n\t\t\t\t\t\t<\/div>\n\t\t\t\t<\/div>\n\t\t\t\t<div class=\"elementor-element elementor-element-b983ac5 elementor-widget elementor-widget-heading\" data-id=\"b983ac5\" data-element_type=\"widget\" data-widget_type=\"heading.default\">\n\t\t\t\t<div class=\"elementor-widget-container\">\n\t\t\t\t\t<h1 class=\"elementor-heading-title elementor-size-default\">Erfolgsgeschichten mit KIS.ME<\/h1>\t\t\t\t<\/div>\n\t\t\t\t<\/div>\n\t\t\t\t<div class=\"elementor-element elementor-element-32d29d1 elementor-widget elementor-widget-text-editor\" data-id=\"32d29d1\" data-element_type=\"widget\" data-widget_type=\"text-editor.default\">\n\t\t\t\t<div class=\"elementor-widget-container\">\n\t\t\t\t\t\t\t\t\t<div class=\"elementor-element elementor-element-fe37f81 elementor-widget elementor-widget-text-editor\" data-id=\"fe37f81\" data-element_type=\"widget\" data-widget_type=\"text-editor.default\"><div class=\"elementor-widget-container\"><p>Mit\u00a0<strong>KIS.ME<\/strong> einfach digitalisieren und optimieren, \u00fcberall dort, wo Menschen arbeiten. Mit diesem Ziel sind wir gestartet und sind stolz, einige entsprechende Erfolgsgeschichten aufzeigen zu k\u00f6nnen. Im Handumdrehen kann KIS.ME auch Ihr Unternehmen transparenter machen, indem Sie beispielsweise manuelle Prozesse vernetzen. Anschlie\u00dfen, einrichten und loslegen.<\/p><\/div><\/div>\t\t\t\t\t\t\t\t<\/div>\n\t\t\t\t<\/div>\n\t\t\t\t\t<\/div>\n\t\t<\/div>\n\t\t\t\t\t<\/div>\n\t\t<\/section>\n\t\t\t\t<section class=\"elementor-section elementor-top-section elementor-element elementor-element-40d9f1b elementor-section-boxed elementor-section-height-default elementor-section-height-default parallax_section_no qode_elementor_container_no\" data-id=\"40d9f1b\" data-element_type=\"section\">\n\t\t\t\t\t\t<div class=\"elementor-container elementor-column-gap-default\">\n\t\t\t\t\t<div class=\"elementor-column elementor-col-50 elementor-top-column elementor-element elementor-element-c8f8117\" data-id=\"c8f8117\" data-element_type=\"column\">\n\t\t\t<div class=\"elementor-widget-wrap elementor-element-populated\">\n\t\t\t\t\t\t<div class=\"elementor-element elementor-element-b61f4b0 elementor-widget elementor-widget-image\" data-id=\"b61f4b0\" data-element_type=\"widget\" data-widget_type=\"image.default\">\n\t\t\t\t<div class=\"elementor-widget-container\">\n\t\t\t\t\t\t\t\t\t\t\t\t\t\t\t<img fetchpriority=\"high\" decoding=\"async\" width=\"768\" height=\"501\" src=\"https:\/\/kisme.com\/wp-content\/uploads\/2023\/06\/Tettnang-2-2018-gr.-fbg-768x501.jpg\" class=\"attachment-medium_large size-medium_large wp-image-7572\" alt=\"\" srcset=\"https:\/\/kisme.com\/wp-content\/uploads\/2023\/06\/Tettnang-2-2018-gr.-fbg-768x501.jpg 768w, https:\/\/kisme.com\/wp-content\/uploads\/2023\/06\/Tettnang-2-2018-gr.-fbg-300x196.jpg 300w, https:\/\/kisme.com\/wp-content\/uploads\/2023\/06\/Tettnang-2-2018-gr.-fbg-1024x668.jpg 1024w, https:\/\/kisme.com\/wp-content\/uploads\/2023\/06\/Tettnang-2-2018-gr.-fbg-1536x1001.jpg 1536w, https:\/\/kisme.com\/wp-content\/uploads\/2023\/06\/Tettnang-2-2018-gr.-fbg-400x260.jpg 400w, https:\/\/kisme.com\/wp-content\/uploads\/2023\/06\/Tettnang-2-2018-gr.-fbg-700x456.jpg 700w, https:\/\/kisme.com\/wp-content\/uploads\/2023\/06\/Tettnang-2-2018-gr.-fbg.jpg 1600w\" sizes=\"(max-width: 768px) 100vw, 768px\" \/>\t\t\t\t\t\t\t\t\t\t\t\t\t\t\t<\/div>\n\t\t\t\t<\/div>\n\t\t\t\t\t<\/div>\n\t\t<\/div>\n\t\t\t\t<div class=\"elementor-column elementor-col-50 elementor-top-column elementor-element elementor-element-e439df3\" data-id=\"e439df3\" data-element_type=\"column\">\n\t\t\t<div class=\"elementor-widget-wrap elementor-element-populated\">\n\t\t\t\t\t\t<div class=\"elementor-element elementor-element-aed99bf elementor-widget elementor-widget-heading\" data-id=\"aed99bf\" data-element_type=\"widget\" data-widget_type=\"heading.default\">\n\t\t\t\t<div class=\"elementor-widget-container\">\n\t\t\t\t\t<h6 class=\"elementor-heading-title elementor-size-default\">Qualit\u00e4tssicherung mit KIS.ME<\/h6>\t\t\t\t<\/div>\n\t\t\t\t<\/div>\n\t\t\t\t<div class=\"elementor-element elementor-element-be10ebe elementor-widget-divider--view-line elementor-widget elementor-widget-divider\" data-id=\"be10ebe\" data-element_type=\"widget\" data-widget_type=\"divider.default\">\n\t\t\t\t<div class=\"elementor-widget-container\">\n\t\t\t\t\t\t\t<div class=\"elementor-divider\">\n\t\t\t<span class=\"elementor-divider-separator\">\n\t\t\t\t\t\t<\/span>\n\t\t<\/div>\n\t\t\t\t\t\t<\/div>\n\t\t\t\t<\/div>\n\t\t\t\t<div class=\"elementor-element elementor-element-a8d89f7 elementor-widget elementor-widget-heading\" data-id=\"a8d89f7\" data-element_type=\"widget\" data-widget_type=\"heading.default\">\n\t\t\t\t<div class=\"elementor-widget-container\">\n\t\t\t\t\t<h2 class=\"elementor-heading-title elementor-size-default\">ifm electronic gmbH <\/h2>\t\t\t\t<\/div>\n\t\t\t\t<\/div>\n\t\t\t\t<div class=\"elementor-element elementor-element-59dd349 elementor-widget elementor-widget-text-editor\" data-id=\"59dd349\" data-element_type=\"widget\" data-widget_type=\"text-editor.default\">\n\t\t\t\t<div class=\"elementor-widget-container\">\n\t\t\t\t\t\t\t\t\t<p>Mit KIS.ME kann die ifm electronic GmbH in Tettnang nun sofort auf Produktionsfehler in ihrer Sensorfertigung reagieren. Durch die zentrale Erfassung von Pr\u00fcfergebnissen und Leistungskennzahlen k\u00f6nnen die vorhandenen Ressourcen zielgerichtet eingesetzt werden.\u00a0 Wie genau KIS.ME in der Qualit\u00e4tssicherung eingesetzt wird, erfahren in Sie in der folgenden Erfolgsgeschichte.\u00a0 \u00a0 \u00a0 \u00a0 \u00a0<\/p><p>\u00a0<\/p>\t\t\t\t\t\t\t\t<\/div>\n\t\t\t\t<\/div>\n\t\t\t\t<div class=\"elementor-element elementor-element-662b072 elementor-align-right elementor-widget elementor-widget-button\" data-id=\"662b072\" data-element_type=\"widget\" data-widget_type=\"button.default\">\n\t\t\t\t<div class=\"elementor-widget-container\">\n\t\t\t\t\t\t\t\t\t<div class=\"elementor-button-wrapper\">\n\t\t\t\t\t<a class=\"elementor-button elementor-button-link elementor-size-sm\" href=\"https:\/\/kisme.com\/de\/ifm\/\">\n\t\t\t\t\t\t<span class=\"elementor-button-content-wrapper\">\n\t\t\t\t\t\t<span class=\"elementor-button-icon\">\n\t\t\t\t<i aria-hidden=\"true\" class=\"fas fa-arrow-right\"><\/i>\t\t\t<\/span>\n\t\t\t\t\t\t\t\t\t<span class=\"elementor-button-text\">zur Erfolgsgeschichte<\/span>\n\t\t\t\t\t<\/span>\n\t\t\t\t\t<\/a>\n\t\t\t\t<\/div>\n\t\t\t\t\t\t\t\t<\/div>\n\t\t\t\t<\/div>\n\t\t\t\t\t<\/div>\n\t\t<\/div>\n\t\t\t\t\t<\/div>\n\t\t<\/section>\n\t\t\t\t<section class=\"elementor-section elementor-top-section elementor-element elementor-element-aba1c9f elementor-section-boxed elementor-section-height-default elementor-section-height-default parallax_section_no qode_elementor_container_no\" data-id=\"aba1c9f\" data-element_type=\"section\">\n\t\t\t\t\t\t<div class=\"elementor-container elementor-column-gap-default\">\n\t\t\t\t\t<div class=\"elementor-column elementor-col-50 elementor-top-column elementor-element elementor-element-777d4e7\" data-id=\"777d4e7\" data-element_type=\"column\">\n\t\t\t<div class=\"elementor-widget-wrap elementor-element-populated\">\n\t\t\t\t\t\t<div class=\"elementor-element elementor-element-38238e7 elementor-widget elementor-widget-image\" data-id=\"38238e7\" data-element_type=\"widget\" data-widget_type=\"image.default\">\n\t\t\t\t<div class=\"elementor-widget-container\">\n\t\t\t\t\t\t\t\t\t\t\t\t\t\t\t<img decoding=\"async\" width=\"768\" height=\"433\" src=\"https:\/\/kisme.com\/wp-content\/uploads\/2022\/01\/bad_ragaz_aussen_09062017-768x433.jpeg\" class=\"attachment-medium_large size-medium_large wp-image-1377\" alt=\"Elesta Member of the Pilz Group\" srcset=\"https:\/\/kisme.com\/wp-content\/uploads\/2022\/01\/bad_ragaz_aussen_09062017-768x433.jpeg 768w, https:\/\/kisme.com\/wp-content\/uploads\/2022\/01\/bad_ragaz_aussen_09062017-300x169.jpeg 300w, https:\/\/kisme.com\/wp-content\/uploads\/2022\/01\/bad_ragaz_aussen_09062017-700x394.jpeg 700w, https:\/\/kisme.com\/wp-content\/uploads\/2022\/01\/bad_ragaz_aussen_09062017-539x303.jpeg 539w, https:\/\/kisme.com\/wp-content\/uploads\/2022\/01\/bad_ragaz_aussen_09062017.jpeg 900w\" sizes=\"(max-width: 768px) 100vw, 768px\" \/>\t\t\t\t\t\t\t\t\t\t\t\t\t\t\t<\/div>\n\t\t\t\t<\/div>\n\t\t\t\t\t<\/div>\n\t\t<\/div>\n\t\t\t\t<div class=\"elementor-column elementor-col-50 elementor-top-column elementor-element elementor-element-aa7e98e\" data-id=\"aa7e98e\" data-element_type=\"column\">\n\t\t\t<div class=\"elementor-widget-wrap elementor-element-populated\">\n\t\t\t\t\t\t<div class=\"elementor-element elementor-element-087b0cc elementor-widget elementor-widget-heading\" data-id=\"087b0cc\" data-element_type=\"widget\" data-widget_type=\"heading.default\">\n\t\t\t\t<div class=\"elementor-widget-container\">\n\t\t\t\t\t<h6 class=\"elementor-heading-title elementor-size-default\">Digitalisierung von Handarbeitspl\u00e4tzen<\/h6>\t\t\t\t<\/div>\n\t\t\t\t<\/div>\n\t\t\t\t<div class=\"elementor-element elementor-element-908f77b elementor-widget-divider--view-line elementor-widget elementor-widget-divider\" data-id=\"908f77b\" data-element_type=\"widget\" data-widget_type=\"divider.default\">\n\t\t\t\t<div class=\"elementor-widget-container\">\n\t\t\t\t\t\t\t<div class=\"elementor-divider\">\n\t\t\t<span class=\"elementor-divider-separator\">\n\t\t\t\t\t\t<\/span>\n\t\t<\/div>\n\t\t\t\t\t\t<\/div>\n\t\t\t\t<\/div>\n\t\t\t\t<div class=\"elementor-element elementor-element-c941011 elementor-widget elementor-widget-heading\" data-id=\"c941011\" data-element_type=\"widget\" data-widget_type=\"heading.default\">\n\t\t\t\t<div class=\"elementor-widget-container\">\n\t\t\t\t\t<h2 class=\"elementor-heading-title elementor-size-default\">ELESTA GmBH<\/h2>\t\t\t\t<\/div>\n\t\t\t\t<\/div>\n\t\t\t\t<div class=\"elementor-element elementor-element-67598c4 elementor-widget elementor-widget-text-editor\" data-id=\"67598c4\" data-element_type=\"widget\" data-widget_type=\"text-editor.default\">\n\t\t\t\t<div class=\"elementor-widget-container\">\n\t\t\t\t\t\t\t\t\t<p>Dank KIS.ME konnte die Schweizer Firma \u201eElesta GmbH\u201c die Digitalisierung von Handarbeitspl\u00e4tzen und von Kennzahlen massgeblich vorantreiben und spart so t\u00e4glich wertvolle Zeit. Wie das funktioniert, welche KIS.ME Devices sie daf\u00fcr einsetzen und welche Herausforderungen als N\u00e4chstes anstehen, schauen wir uns in dieser Erfolgsgeschichte an.<\/p>\t\t\t\t\t\t\t\t<\/div>\n\t\t\t\t<\/div>\n\t\t\t\t<div class=\"elementor-element elementor-element-cd536af elementor-align-right elementor-widget elementor-widget-button\" data-id=\"cd536af\" data-element_type=\"widget\" data-widget_type=\"button.default\">\n\t\t\t\t<div class=\"elementor-widget-container\">\n\t\t\t\t\t\t\t\t\t<div class=\"elementor-button-wrapper\">\n\t\t\t\t\t<a class=\"elementor-button elementor-button-link elementor-size-sm\" href=\"\/elesta-digitalisierung-von-handarbeitsplaetzen\/\">\n\t\t\t\t\t\t<span class=\"elementor-button-content-wrapper\">\n\t\t\t\t\t\t<span class=\"elementor-button-icon\">\n\t\t\t\t<i aria-hidden=\"true\" class=\"fas fa-arrow-right\"><\/i>\t\t\t<\/span>\n\t\t\t\t\t\t\t\t\t<span class=\"elementor-button-text\">zur Erfolgsgeschichte<\/span>\n\t\t\t\t\t<\/span>\n\t\t\t\t\t<\/a>\n\t\t\t\t<\/div>\n\t\t\t\t\t\t\t\t<\/div>\n\t\t\t\t<\/div>\n\t\t\t\t\t<\/div>\n\t\t<\/div>\n\t\t\t\t\t<\/div>\n\t\t<\/section>\n\t\t\t\t<section class=\"elementor-section elementor-top-section elementor-element elementor-element-c92853b elementor-section-boxed elementor-section-height-default elementor-section-height-default parallax_section_no qode_elementor_container_no\" data-id=\"c92853b\" data-element_type=\"section\">\n\t\t\t\t\t\t<div class=\"elementor-container elementor-column-gap-default\">\n\t\t\t\t\t<div class=\"elementor-column elementor-col-50 elementor-top-column elementor-element elementor-element-9c88cc7\" data-id=\"9c88cc7\" data-element_type=\"column\">\n\t\t\t<div class=\"elementor-widget-wrap elementor-element-populated\">\n\t\t\t\t\t\t<div class=\"elementor-element elementor-element-50cf5c0 elementor-widget elementor-widget-image\" data-id=\"50cf5c0\" data-element_type=\"widget\" data-widget_type=\"image.default\">\n\t\t\t\t<div class=\"elementor-widget-container\">\n\t\t\t\t\t\t\t\t\t\t\t\t\t\t\t<img decoding=\"async\" width=\"768\" height=\"432\" src=\"https:\/\/kisme.com\/wp-content\/uploads\/2023\/09\/Gebauede_ETOWERS-768x432.jpg\" class=\"attachment-medium_large size-medium_large wp-image-7697\" alt=\"\" srcset=\"https:\/\/kisme.com\/wp-content\/uploads\/2023\/09\/Gebauede_ETOWERS-768x432.jpg 768w, https:\/\/kisme.com\/wp-content\/uploads\/2023\/09\/Gebauede_ETOWERS-300x169.jpg 300w, https:\/\/kisme.com\/wp-content\/uploads\/2023\/09\/Gebauede_ETOWERS-1024x576.jpg 1024w, https:\/\/kisme.com\/wp-content\/uploads\/2023\/09\/Gebauede_ETOWERS-1536x864.jpg 1536w, https:\/\/kisme.com\/wp-content\/uploads\/2023\/09\/Gebauede_ETOWERS-700x394.jpg 700w, https:\/\/kisme.com\/wp-content\/uploads\/2023\/09\/Gebauede_ETOWERS-539x303.jpg 539w, https:\/\/kisme.com\/wp-content\/uploads\/2023\/09\/Gebauede_ETOWERS.jpg 1920w\" sizes=\"(max-width: 768px) 100vw, 768px\" \/>\t\t\t\t\t\t\t\t\t\t\t\t\t\t\t<\/div>\n\t\t\t\t<\/div>\n\t\t\t\t\t<\/div>\n\t\t<\/div>\n\t\t\t\t<div class=\"elementor-column elementor-col-50 elementor-top-column elementor-element elementor-element-543a7d3\" data-id=\"543a7d3\" data-element_type=\"column\">\n\t\t\t<div class=\"elementor-widget-wrap elementor-element-populated\">\n\t\t\t\t\t\t<div class=\"elementor-element elementor-element-e9191bd elementor-widget elementor-widget-heading\" data-id=\"e9191bd\" data-element_type=\"widget\" data-widget_type=\"heading.default\">\n\t\t\t\t<div class=\"elementor-widget-container\">\n\t\t\t\t\t<h6 class=\"elementor-heading-title elementor-size-default\">Digitale Maschinenwartung mit KIS.ME<\/h6>\t\t\t\t<\/div>\n\t\t\t\t<\/div>\n\t\t\t\t<div class=\"elementor-element elementor-element-c21b38f elementor-widget-divider--view-line elementor-widget elementor-widget-divider\" data-id=\"c21b38f\" data-element_type=\"widget\" data-widget_type=\"divider.default\">\n\t\t\t\t<div class=\"elementor-widget-container\">\n\t\t\t\t\t\t\t<div class=\"elementor-divider\">\n\t\t\t<span class=\"elementor-divider-separator\">\n\t\t\t\t\t\t<\/span>\n\t\t<\/div>\n\t\t\t\t\t\t<\/div>\n\t\t\t\t<\/div>\n\t\t\t\t<div class=\"elementor-element elementor-element-70340cb elementor-widget elementor-widget-heading\" data-id=\"70340cb\" data-element_type=\"widget\" data-widget_type=\"heading.default\">\n\t\t\t\t<div class=\"elementor-widget-container\">\n\t\t\t\t\t<h2 class=\"elementor-heading-title elementor-size-default\">E-TOWERS FAMABA S.A.<\/h2>\t\t\t\t<\/div>\n\t\t\t\t<\/div>\n\t\t\t\t<div class=\"elementor-element elementor-element-032f8c6 elementor-widget elementor-widget-text-editor\" data-id=\"032f8c6\" data-element_type=\"widget\" data-widget_type=\"text-editor.default\">\n\t\t\t\t<div class=\"elementor-widget-container\">\n\t\t\t\t\t\t\t\t\t<p>Durch die Zusammenarbeit mit KIS.ME ist es dem polnischen Unternehmen E-Towers FAMABA S.A. gelungen, seine Instandhaltungsprozesse zu digitalisieren und damit den Weg in Richtung Industrie 4.0 zu ebnen. Die Implementierung von KIS.ME f\u00fchrte zu einem reibungslosen Informationsfluss, der sowohl die Wartungszeiten als auch die Erstellung von Berichten und die Analyse von Kennzahlen signifikant verk\u00fcrzte. Diese Effizienzsteigerung st\u00e4rkt die Wettbewerbsf\u00e4higkeit von E-Towers FAMABA S.A. auf dem internationalen Markt und legt den Grundstein f\u00fcr eine zukunftssichere und kosteneffiziente Maschineninstandhaltung.<\/p>\t\t\t\t\t\t\t\t<\/div>\n\t\t\t\t<\/div>\n\t\t\t\t<div class=\"elementor-element elementor-element-c52ff61 elementor-align-right elementor-widget elementor-widget-button\" data-id=\"c52ff61\" data-element_type=\"widget\" data-widget_type=\"button.default\">\n\t\t\t\t<div class=\"elementor-widget-container\">\n\t\t\t\t\t\t\t\t\t<div class=\"elementor-button-wrapper\">\n\t\t\t\t\t<a class=\"elementor-button elementor-button-link elementor-size-sm\" href=\"https:\/\/kisme.com\/de\/e-tower\/\">\n\t\t\t\t\t\t<span class=\"elementor-button-content-wrapper\">\n\t\t\t\t\t\t<span class=\"elementor-button-icon\">\n\t\t\t\t<i aria-hidden=\"true\" class=\"fas fa-arrow-right\"><\/i>\t\t\t<\/span>\n\t\t\t\t\t\t\t\t\t<span class=\"elementor-button-text\">zur Erfolgsgeschichte<\/span>\n\t\t\t\t\t<\/span>\n\t\t\t\t\t<\/a>\n\t\t\t\t<\/div>\n\t\t\t\t\t\t\t\t<\/div>\n\t\t\t\t<\/div>\n\t\t\t\t\t<\/div>\n\t\t<\/div>\n\t\t\t\t\t<\/div>\n\t\t<\/section>\n\t\t\t\t<section class=\"elementor-section elementor-top-section elementor-element elementor-element-f364f45 elementor-section-boxed elementor-section-height-default elementor-section-height-default parallax_section_no qode_elementor_container_no\" data-id=\"f364f45\" data-element_type=\"section\">\n\t\t\t\t\t\t<div class=\"elementor-container elementor-column-gap-default\">\n\t\t\t\t\t<div class=\"elementor-column elementor-col-50 elementor-top-column elementor-element elementor-element-346af62\" data-id=\"346af62\" data-element_type=\"column\">\n\t\t\t<div class=\"elementor-widget-wrap elementor-element-populated\">\n\t\t\t\t\t\t<div class=\"elementor-element elementor-element-7de98b7 elementor-widget elementor-widget-image\" data-id=\"7de98b7\" data-element_type=\"widget\" data-widget_type=\"image.default\">\n\t\t\t\t<div class=\"elementor-widget-container\">\n\t\t\t\t\t\t\t\t\t\t\t\t\t\t\t<img loading=\"lazy\" decoding=\"async\" width=\"768\" height=\"408\" src=\"https:\/\/kisme.com\/wp-content\/uploads\/2022\/09\/Rafi_Hungaria-768x408.jpg\" class=\"attachment-medium_large size-medium_large wp-image-5777\" alt=\"RAFI Ungarn\" srcset=\"https:\/\/kisme.com\/wp-content\/uploads\/2022\/09\/Rafi_Hungaria-768x408.jpg 768w, https:\/\/kisme.com\/wp-content\/uploads\/2022\/09\/Rafi_Hungaria-300x159.jpg 300w, https:\/\/kisme.com\/wp-content\/uploads\/2022\/09\/Rafi_Hungaria-700x372.jpg 700w, https:\/\/kisme.com\/wp-content\/uploads\/2022\/09\/Rafi_Hungaria.jpg 800w\" sizes=\"(max-width: 768px) 100vw, 768px\" \/>\t\t\t\t\t\t\t\t\t\t\t\t\t\t\t<\/div>\n\t\t\t\t<\/div>\n\t\t\t\t\t<\/div>\n\t\t<\/div>\n\t\t\t\t<div class=\"elementor-column elementor-col-50 elementor-top-column elementor-element elementor-element-4d29dc0\" data-id=\"4d29dc0\" data-element_type=\"column\">\n\t\t\t<div class=\"elementor-widget-wrap elementor-element-populated\">\n\t\t\t\t\t\t<div class=\"elementor-element elementor-element-0dfe587 elementor-widget elementor-widget-heading\" data-id=\"0dfe587\" data-element_type=\"widget\" data-widget_type=\"heading.default\">\n\t\t\t\t<div class=\"elementor-widget-container\">\n\t\t\t\t\t<h6 class=\"elementor-heading-title elementor-size-default\">Produktionsoptimierung mit KIS.ME<\/h6>\t\t\t\t<\/div>\n\t\t\t\t<\/div>\n\t\t\t\t<div class=\"elementor-element elementor-element-c26a7b0 elementor-widget-divider--view-line elementor-widget elementor-widget-divider\" data-id=\"c26a7b0\" data-element_type=\"widget\" data-widget_type=\"divider.default\">\n\t\t\t\t<div class=\"elementor-widget-container\">\n\t\t\t\t\t\t\t<div class=\"elementor-divider\">\n\t\t\t<span class=\"elementor-divider-separator\">\n\t\t\t\t\t\t<\/span>\n\t\t<\/div>\n\t\t\t\t\t\t<\/div>\n\t\t\t\t<\/div>\n\t\t\t\t<div class=\"elementor-element elementor-element-bf4fe2e elementor-widget elementor-widget-heading\" data-id=\"bf4fe2e\" data-element_type=\"widget\" data-widget_type=\"heading.default\">\n\t\t\t\t<div class=\"elementor-widget-container\">\n\t\t\t\t\t<h2 class=\"elementor-heading-title elementor-size-default\">RAFI Hungaria<\/h2>\t\t\t\t<\/div>\n\t\t\t\t<\/div>\n\t\t\t\t<div class=\"elementor-element elementor-element-7b37f40 elementor-widget elementor-widget-text-editor\" data-id=\"7b37f40\" data-element_type=\"widget\" data-widget_type=\"text-editor.default\">\n\t\t\t\t<div class=\"elementor-widget-container\">\n\t\t\t\t\t\t\t\t\t<p>KIS.ME erm\u00f6glichte es der RAFI Hungaria, mehr Transparenz bei Leistungskennzahlen zu schaffen. Bestehende Fertigungsprozesse sollten transparent dargestellt werden, um anhand dessen die Prozesse zu optimieren. In der folgenden Erfolgsgeschichte k\u00f6nnen Sie mehr dar\u00fcber erfahren, wie KIS.ME bei der RAFI Hungaria umgesetzt wurde und welche Erfolge sie damit erzielen konnten.<\/p>\t\t\t\t\t\t\t\t<\/div>\n\t\t\t\t<\/div>\n\t\t\t\t<div class=\"elementor-element elementor-element-21eaade elementor-align-right elementor-widget elementor-widget-button\" data-id=\"21eaade\" data-element_type=\"widget\" data-widget_type=\"button.default\">\n\t\t\t\t<div class=\"elementor-widget-container\">\n\t\t\t\t\t\t\t\t\t<div class=\"elementor-button-wrapper\">\n\t\t\t\t\t<a class=\"elementor-button elementor-button-link elementor-size-sm\" href=\"https:\/\/kisme.com\/de\/rafi-ungarn\/\">\n\t\t\t\t\t\t<span class=\"elementor-button-content-wrapper\">\n\t\t\t\t\t\t<span class=\"elementor-button-icon\">\n\t\t\t\t<i aria-hidden=\"true\" class=\"fas fa-arrow-right\"><\/i>\t\t\t<\/span>\n\t\t\t\t\t\t\t\t\t<span class=\"elementor-button-text\">zur Erfolgsgeschichte<\/span>\n\t\t\t\t\t<\/span>\n\t\t\t\t\t<\/a>\n\t\t\t\t<\/div>\n\t\t\t\t\t\t\t\t<\/div>\n\t\t\t\t<\/div>\n\t\t\t\t\t<\/div>\n\t\t<\/div>\n\t\t\t\t\t<\/div>\n\t\t<\/section>\n\t\t\t\t<section class=\"elementor-section elementor-top-section elementor-element elementor-element-8aa793a elementor-section-boxed elementor-section-height-default elementor-section-height-default parallax_section_no qode_elementor_container_no\" data-id=\"8aa793a\" data-element_type=\"section\">\n\t\t\t\t\t\t<div class=\"elementor-container elementor-column-gap-default\">\n\t\t\t\t\t<div class=\"elementor-column elementor-col-100 elementor-top-column elementor-element elementor-element-43d076f\" data-id=\"43d076f\" data-element_type=\"column\">\n\t\t\t<div class=\"elementor-widget-wrap elementor-element-populated\">\n\t\t\t\t\t\t<div class=\"elementor-element elementor-element-bca3dee elementor-widget__width-initial elementor-widget elementor-widget-qi_addons_for_elementor_call_to_action\" data-id=\"bca3dee\" data-element_type=\"widget\" data-widget_type=\"qi_addons_for_elementor_call_to_action.default\">\n\t\t\t\t<div class=\"elementor-widget-container\">\n\t\t\t\t\t<div class=\"qodef-shortcode qodef-m qodef-qi-call-to-action qodef-layout--standard qodef-button-below--768 qodef-link-overlay\">\n\t<div class=\"qodef-m-inner\">\n\t\t<div class=\"qodef-m-content\">\n\t\t\t<h4 class=\"qodef-m-title\">\n\t\t\tSchreiben auch Sie Ihre n\u00e4chste Erfolgsgeschichte\t\t<\/h4>\n\t\t\t\t<div class=\"qodef-m-text\">\n\t\t\tJeder Erfolg beginnt mit einem ersten Schritt! <br>Erfahren Sie wie andere es geschafft haben, und starten Sie noch heute Ihre eigene Erfolgsgeschichte mit KIS.ME.\n\n\t\t<\/div>\n\t<\/div>\n\t\t\t<div class=\"qodef-m-button\">\n\t\t<a class=\"qodef-shortcode qodef-m qodef-qi-button qodef-html--link qodef-layout--outlined qodef-type--standard qodef-icon--right qodef-hover--icon-move-horizontal-short\" href=\"https:\/\/kisme.com\/de\/kontakt\/#Kontaktformular\" target=\"_self\">\t<span class=\"qodef-m-text\"> Reise starten mit KIS.ME<\/span>\t\t<span class=\"qodef-m-icon\">\t\t<span class=\"qodef-m-icon-inner\">\t\t\t<i aria-hidden=\"true\" class=\"fas fa-arrow-right\"><\/i>\t\t\t\t\t<\/span>\t<\/span><\/a>\t<\/div>\n\t\t\t\t\t<a class=\"qodef-m-link\" href=\"https:\/\/kisme.com\/de\/kontakt\/#Kontaktformular\" target=\"_self\"><\/a>\n\t\t\t<\/div>\n<\/div>\n\t\t\t\t<\/div>\n\t\t\t\t<\/div>\n\t\t\t\t\t<\/div>\n\t\t<\/div>\n\t\t\t\t\t<\/div>\n\t\t<\/section>\n\t\t\t\t<\/div>\n\t\t","protected":false},"excerpt":{"rendered":"<p>Details direkt aus der Praxis Erfolgsgeschichten mit KIS.ME Mit\u00a0KIS.ME einfach digitalisieren und optimieren, \u00fcberall dort, wo Menschen arbeiten. Mit diesem Ziel sind wir gestartet und sind stolz, einige entsprechende Erfolgsgeschichten aufzeigen zu k\u00f6nnen. Im Handumdrehen kann KIS.ME auch Ihr Unternehmen transparenter machen, indem Sie beispielsweise&#8230;<\/p>\n","protected":false},"author":3,"featured_media":1619,"parent":6364,"menu_order":1,"comment_status":"closed","ping_status":"closed","template":"","meta":{"footnotes":""},"class_list":["post-933","page","type-page","status-publish","has-post-thumbnail","hentry"],"_links":{"self":[{"href":"https:\/\/kisme.com\/de\/wp-json\/wp\/v2\/pages\/933","targetHints":{"allow":["GET"]}}],"collection":[{"href":"https:\/\/kisme.com\/de\/wp-json\/wp\/v2\/pages"}],"about":[{"href":"https:\/\/kisme.com\/de\/wp-json\/wp\/v2\/types\/page"}],"author":[{"embeddable":true,"href":"https:\/\/kisme.com\/de\/wp-json\/wp\/v2\/users\/3"}],"replies":[{"embeddable":true,"href":"https:\/\/kisme.com\/de\/wp-json\/wp\/v2\/comments?post=933"}],"version-history":[{"count":87,"href":"https:\/\/kisme.com\/de\/wp-json\/wp\/v2\/pages\/933\/revisions"}],"predecessor-version":[{"id":9324,"href":"https:\/\/kisme.com\/de\/wp-json\/wp\/v2\/pages\/933\/revisions\/9324"}],"up":[{"embeddable":true,"href":"https:\/\/kisme.com\/de\/wp-json\/wp\/v2\/pages\/6364"}],"wp:featuredmedia":[{"embeddable":true,"href":"https:\/\/kisme.com\/de\/wp-json\/wp\/v2\/media\/1619"}],"wp:attachment":[{"href":"https:\/\/kisme.com\/de\/wp-json\/wp\/v2\/media?parent=933"}],"curies":[{"name":"wp","href":"https:\/\/api.w.org\/{rel}","templated":true}]}}