{"id":922,"date":"2022-01-04T14:02:39","date_gmt":"2022-01-04T13:02:39","guid":{"rendered":"https:\/\/stagekisme.westeurope.cloudapp.azure.com\/?page_id=922"},"modified":"2024-05-29T13:47:55","modified_gmt":"2024-05-29T11:47:55","slug":"demo","status":"publish","type":"page","link":"https:\/\/kisme.com\/de\/produkte\/demo\/","title":{"rendered":"Demo"},"content":{"rendered":"\t\t<div data-elementor-type=\"wp-page\" data-elementor-id=\"922\" class=\"elementor elementor-922\">\n\t\t\t\t\t\t<section class=\"elementor-section elementor-top-section elementor-element elementor-element-e67d7b9 elementor-section-boxed elementor-section-height-default elementor-section-height-default parallax_section_no qode_elementor_container_no\" data-id=\"e67d7b9\" data-element_type=\"section\">\n\t\t\t\t\t\t<div class=\"elementor-container elementor-column-gap-default\">\n\t\t\t\t\t<div class=\"elementor-column elementor-col-100 elementor-top-column elementor-element elementor-element-610a8ad\" data-id=\"610a8ad\" data-element_type=\"column\">\n\t\t\t<div class=\"elementor-widget-wrap elementor-element-populated\">\n\t\t\t\t\t\t<div class=\"elementor-element elementor-element-cd17db7 elementor-widget elementor-widget-heading\" data-id=\"cd17db7\" data-element_type=\"widget\" data-widget_type=\"heading.default\">\n\t\t\t\t<div class=\"elementor-widget-container\">\n\t\t\t\t\t<h6 class=\"elementor-heading-title elementor-size-default\">KIS.Manager selbst testen<\/h6>\t\t\t\t<\/div>\n\t\t\t\t<\/div>\n\t\t\t\t<div class=\"elementor-element elementor-element-335fc63 elementor-widget-divider--view-line elementor-widget elementor-widget-divider\" data-id=\"335fc63\" data-element_type=\"widget\" data-widget_type=\"divider.default\">\n\t\t\t\t<div class=\"elementor-widget-container\">\n\t\t\t\t\t\t\t<div class=\"elementor-divider\">\n\t\t\t<span class=\"elementor-divider-separator\">\n\t\t\t\t\t\t<\/span>\n\t\t<\/div>\n\t\t\t\t\t\t<\/div>\n\t\t\t\t<\/div>\n\t\t\t\t<div class=\"elementor-element elementor-element-883ace8 elementor-widget elementor-widget-heading\" data-id=\"883ace8\" data-element_type=\"widget\" data-widget_type=\"heading.default\">\n\t\t\t\t<div class=\"elementor-widget-container\">\n\t\t\t\t\t<h1 class=\"elementor-heading-title elementor-size-default\">Demo-Account <\/h1>\t\t\t\t<\/div>\n\t\t\t\t<\/div>\n\t\t\t\t<div class=\"elementor-element elementor-element-3168b62 elementor-widget elementor-widget-heading\" data-id=\"3168b62\" data-element_type=\"widget\" data-widget_type=\"heading.default\">\n\t\t\t\t<div class=\"elementor-widget-container\">\n\t\t\t\t\t<h3 class=\"elementor-heading-title elementor-size-default\">den KIS.MANAGER unverbindlich kennenlernen<\/h3>\t\t\t\t<\/div>\n\t\t\t\t<\/div>\n\t\t\t\t\t<\/div>\n\t\t<\/div>\n\t\t\t\t\t<\/div>\n\t\t<\/section>\n\t\t\t\t<section class=\"elementor-section elementor-top-section elementor-element elementor-element-165b618 elementor-section-boxed elementor-section-height-default elementor-section-height-default parallax_section_no qode_elementor_container_no\" data-id=\"165b618\" data-element_type=\"section\">\n\t\t\t\t\t\t<div class=\"elementor-container elementor-column-gap-default\">\n\t\t\t\t\t<div class=\"elementor-column elementor-col-50 elementor-top-column elementor-element elementor-element-5c0fd84\" data-id=\"5c0fd84\" data-element_type=\"column\">\n\t\t\t<div class=\"elementor-widget-wrap elementor-element-populated\">\n\t\t\t\t\t\t<div class=\"elementor-element elementor-element-2df635c elementor-widget elementor-widget-text-editor\" data-id=\"2df635c\" data-element_type=\"widget\" data-widget_type=\"text-editor.default\">\n\t\t\t\t<div class=\"elementor-widget-container\">\n\t\t\t\t\t\t\t\t\t<div>\n<p>Ein erster Einblick in die Funktionen des KIS.MANAGERs kann \u00fcber einen Demo-Zugang gewonnen werden. Dazu m\u00fcssen weder KIS.ME Ger\u00e4te noch eine Lizenz erworben werden.<\/p>\n<p>Um den Demo-Zugang zu erreichen, bitte dem Link folgen und die hier bereitgestellten Zugangsdaten nutzen:<\/p>\n<\/div>\n<p class=\"pl-4 text-body-1 anthrazit--text font-weight-regular\">Geben Sie folgenden Benutzername ein: <strong><span class=\"font-weight-bold\">demo.kisme@rafi.de<\/span><\/strong><\/p>\n<p class=\"pl-4 text-body-1 anthrazit--text font-weight-regular\">Geben Sie folgendes Passwort ein: <strong><span class=\"font-weight-bold\">Demo1234!<\/span><\/strong><\/p>\n<p>Der Zugang ist mit den Rechten eines Operators ausgestattet. Der Operator kann im KIS.MANAGER die Features sehen und bedienen, aber er kann nichts ver\u00e4ndern. Sie k\u00f6nnen sich also frei bewegen und alles anklicken was Sie interessiert.<\/p>\t\t\t\t\t\t\t\t<\/div>\n\t\t\t\t<\/div>\n\t\t\t\t\t<\/div>\n\t\t<\/div>\n\t\t\t\t<div class=\"elementor-column elementor-col-50 elementor-top-column elementor-element elementor-element-0c75028\" data-id=\"0c75028\" data-element_type=\"column\">\n\t\t\t<div class=\"elementor-widget-wrap elementor-element-populated\">\n\t\t\t\t\t\t<div class=\"elementor-element elementor-element-f37eeab elementor-widget elementor-widget-spacer\" data-id=\"f37eeab\" data-element_type=\"widget\" data-widget_type=\"spacer.default\">\n\t\t\t\t<div class=\"elementor-widget-container\">\n\t\t\t\t\t\t\t<div class=\"elementor-spacer\">\n\t\t\t<div class=\"elementor-spacer-inner\"><\/div>\n\t\t<\/div>\n\t\t\t\t\t\t<\/div>\n\t\t\t\t<\/div>\n\t\t\t\t<div class=\"elementor-element elementor-element-14f401e elementor-widget elementor-widget-image\" data-id=\"14f401e\" data-element_type=\"widget\" data-widget_type=\"image.default\">\n\t\t\t\t<div class=\"elementor-widget-container\">\n\t\t\t\t\t\t\t\t\t\t\t\t\t\t\t<img fetchpriority=\"high\" decoding=\"async\" width=\"273\" height=\"244\" src=\"https:\/\/kisme.com\/wp-content\/uploads\/2022\/01\/login.gif\" class=\"attachment-large size-large wp-image-1081\" alt=\"KIS.ME Demo Login GIF\" \/>\t\t\t\t\t\t\t\t\t\t\t\t\t\t\t<\/div>\n\t\t\t\t<\/div>\n\t\t\t\t\t<\/div>\n\t\t<\/div>\n\t\t\t\t\t<\/div>\n\t\t<\/section>\n\t\t\t\t<section class=\"elementor-section elementor-top-section elementor-element elementor-element-007c45d elementor-section-boxed elementor-section-height-default elementor-section-height-default parallax_section_no qode_elementor_container_no\" data-id=\"007c45d\" data-element_type=\"section\">\n\t\t\t\t\t\t<div class=\"elementor-container elementor-column-gap-default\">\n\t\t\t\t\t<div class=\"elementor-column elementor-col-100 elementor-top-column elementor-element elementor-element-e1849a3\" data-id=\"e1849a3\" data-element_type=\"column\">\n\t\t\t<div class=\"elementor-widget-wrap elementor-element-populated\">\n\t\t\t\t\t\t<div class=\"elementor-element elementor-element-95733ce elementor-widget elementor-widget-spacer\" data-id=\"95733ce\" data-element_type=\"widget\" data-widget_type=\"spacer.default\">\n\t\t\t\t<div class=\"elementor-widget-container\">\n\t\t\t\t\t\t\t<div class=\"elementor-spacer\">\n\t\t\t<div class=\"elementor-spacer-inner\"><\/div>\n\t\t<\/div>\n\t\t\t\t\t\t<\/div>\n\t\t\t\t<\/div>\n\t\t\t\t<div class=\"elementor-element elementor-element-f61d573 elementor-align-center elementor-widget elementor-widget-button\" data-id=\"f61d573\" data-element_type=\"widget\" data-widget_type=\"button.default\">\n\t\t\t\t<div class=\"elementor-widget-container\">\n\t\t\t\t\t\t\t\t\t<div class=\"elementor-button-wrapper\">\n\t\t\t\t\t<a class=\"elementor-button elementor-button-link elementor-size-xl\" href=\"\/de\/demo-play\/\">\n\t\t\t\t\t\t<span class=\"elementor-button-content-wrapper\">\n\t\t\t\t\t\t<span class=\"elementor-button-icon\">\n\t\t\t\t<i aria-hidden=\"true\" class=\"fas fa-arrow-right\"><\/i>\t\t\t<\/span>\n\t\t\t\t\t\t\t\t\t<span class=\"elementor-button-text\">Demo starten<\/span>\n\t\t\t\t\t<\/span>\n\t\t\t\t\t<\/a>\n\t\t\t\t<\/div>\n\t\t\t\t\t\t\t\t<\/div>\n\t\t\t\t<\/div>\n\t\t\t\t<div class=\"elementor-element elementor-element-87c9f1e elementor-widget elementor-widget-spacer\" data-id=\"87c9f1e\" data-element_type=\"widget\" data-widget_type=\"spacer.default\">\n\t\t\t\t<div class=\"elementor-widget-container\">\n\t\t\t\t\t\t\t<div class=\"elementor-spacer\">\n\t\t\t<div class=\"elementor-spacer-inner\"><\/div>\n\t\t<\/div>\n\t\t\t\t\t\t<\/div>\n\t\t\t\t<\/div>\n\t\t\t\t<div class=\"elementor-element elementor-element-2984e8b elementor-widget elementor-widget-heading\" data-id=\"2984e8b\" data-element_type=\"widget\" data-widget_type=\"heading.default\">\n\t\t\t\t<div class=\"elementor-widget-container\">\n\t\t\t\t\t<h6 class=\"elementor-heading-title elementor-size-default\">KIS.Manager funktionen im \u00fcberblick<\/h6>\t\t\t\t<\/div>\n\t\t\t\t<\/div>\n\t\t\t\t<div class=\"elementor-element elementor-element-9635f85 elementor-widget-divider--view-line elementor-widget elementor-widget-divider\" data-id=\"9635f85\" data-element_type=\"widget\" data-widget_type=\"divider.default\">\n\t\t\t\t<div class=\"elementor-widget-container\">\n\t\t\t\t\t\t\t<div class=\"elementor-divider\">\n\t\t\t<span class=\"elementor-divider-separator\">\n\t\t\t\t\t\t<\/span>\n\t\t<\/div>\n\t\t\t\t\t\t<\/div>\n\t\t\t\t<\/div>\n\t\t\t\t<div class=\"elementor-element elementor-element-dbd5f2c elementor-widget elementor-widget-heading\" data-id=\"dbd5f2c\" data-element_type=\"widget\" data-widget_type=\"heading.default\">\n\t\t\t\t<div class=\"elementor-widget-container\">\n\t\t\t\t\t<h2 class=\"elementor-heading-title elementor-size-default\">Was erwartet mich im Demo-Account?<\/h2>\t\t\t\t<\/div>\n\t\t\t\t<\/div>\n\t\t\t\t\t<\/div>\n\t\t<\/div>\n\t\t\t\t\t<\/div>\n\t\t<\/section>\n\t\t\t\t<section class=\"elementor-section elementor-top-section elementor-element elementor-element-21d78f6 elementor-section-boxed elementor-section-height-default elementor-section-height-default parallax_section_no qode_elementor_container_no\" data-id=\"21d78f6\" data-element_type=\"section\" data-settings=\"{&quot;background_background&quot;:&quot;classic&quot;}\">\n\t\t\t\t\t\t<div class=\"elementor-container elementor-column-gap-default\">\n\t\t\t\t\t<div class=\"elementor-column elementor-col-100 elementor-top-column elementor-element elementor-element-459181c\" data-id=\"459181c\" data-element_type=\"column\">\n\t\t\t<div class=\"elementor-widget-wrap elementor-element-populated\">\n\t\t\t\t\t\t<div class=\"elementor-element elementor-element-fde5e33 elementor-widget elementor-widget-bridge_tabs\" data-id=\"fde5e33\" data-element_type=\"widget\" data-widget_type=\"bridge_tabs.default\">\n\t\t\t\t<div class=\"elementor-widget-container\">\n\t\t\t\t\t<div class=\"qode-advanced-tabs qode-advanced-tabs qode-advanced-horizontal-tab clearfix qode-advanced-tab-with-icon qode-advanced-tabs-column-4 clearfix\">\n\t<ul class=\"qode-advanced-tabs-nav\">\n\t\t\t\t\t<li>\n\t\t\t\t<h6>\n\t\t\t\t\t<a href=\"#tab-kis-me-geraete\">\n\t\t\t\t\t\t\t\t\t\t\t\t\t<span class=\"qode-advanced-icon-frame\"><\/span>\n\t\t\t\t\t\t\n\t\t\t\t\t\t\t\t\t\t\t\t\t<span class=\"qode-advanced-tab-text-after-icon\">\n\t\t\t\t\t\t\t\tKIS.ME Ger\u00e4te\t\t\t\t\t\t\t<\/span>\n\t\t\t\t\t\t\t\t\t\t\t<\/a>\n\t\t\t\t<\/h6>\n\t\t\t<\/li>\n\t\t\t\t\t<li>\n\t\t\t\t<h6>\n\t\t\t\t\t<a href=\"#tab-digitale-zwillinge-steuern\">\n\t\t\t\t\t\t\t\t\t\t\t\t\t<span class=\"qode-advanced-icon-frame\"><\/span>\n\t\t\t\t\t\t\n\t\t\t\t\t\t\t\t\t\t\t\t\t<span class=\"qode-advanced-tab-text-after-icon\">\n\t\t\t\t\t\t\t\tDigitale Zwillinge steuern \t\t\t\t\t\t\t<\/span>\n\t\t\t\t\t\t\t\t\t\t\t<\/a>\n\t\t\t\t<\/h6>\n\t\t\t<\/li>\n\t\t\t\t\t<li>\n\t\t\t\t<h6>\n\t\t\t\t\t<a href=\"#tab-beispiel-use-cases\">\n\t\t\t\t\t\t\t\t\t\t\t\t\t<span class=\"qode-advanced-icon-frame\"><\/span>\n\t\t\t\t\t\t\n\t\t\t\t\t\t\t\t\t\t\t\t\t<span class=\"qode-advanced-tab-text-after-icon\">\n\t\t\t\t\t\t\t\tBeispiel-Use-Cases\t\t\t\t\t\t\t<\/span>\n\t\t\t\t\t\t\t\t\t\t\t<\/a>\n\t\t\t\t<\/h6>\n\t\t\t<\/li>\n\t\t\t\t\t<li>\n\t\t\t\t<h6>\n\t\t\t\t\t<a href=\"#tab-beispiel-dashboard\">\n\t\t\t\t\t\t\t\t\t\t\t\t\t<span class=\"qode-advanced-icon-frame\"><\/span>\n\t\t\t\t\t\t\n\t\t\t\t\t\t\t\t\t\t\t\t\t<span class=\"qode-advanced-tab-text-after-icon\">\n\t\t\t\t\t\t\t\tBeispiel-dashboard\t\t\t\t\t\t\t<\/span>\n\t\t\t\t\t\t\t\t\t\t\t<\/a>\n\t\t\t\t<\/h6>\n\t\t\t<\/li>\n\t\t\t<\/ul>\n\t<div class=\"qode-advanced-tab-container\" id=\"tab-kis-me-geraete-743\" data-icon-pack=\"font_awesome\" data-icon-html=\"&lt;i class=&quot;qode_icon_font_awesome fa  &quot; &gt;&lt;\/i&gt;\"><ul><li>Ger\u00e4te-\u00dcbersicht<\/li><\/ul><p>Link: <a href=\"https:\/\/kismanager.rafi.de\/assets\/list\">https:\/\/kismanager.rafi.de\/assets\/list<\/a><\/p><p><a href=\"https:\/\/kismanager.rafi.de\/assets\/list\"><img decoding=\"async\" class=\"alignnone wp-image-1923 size-large\" src=\"https:\/\/stagekisme.westeurope.cloudapp.azure.com\/wp-content\/uploads\/2022\/02\/Assets_Online-1024x327.png\" alt=\"\" width=\"1024\" height=\"327\" srcset=\"https:\/\/kisme.com\/wp-content\/uploads\/2022\/02\/Assets_Online-1024x327.png 1024w, https:\/\/kisme.com\/wp-content\/uploads\/2022\/02\/Assets_Online-300x96.png 300w, https:\/\/kisme.com\/wp-content\/uploads\/2022\/02\/Assets_Online-768x246.png 768w, https:\/\/kisme.com\/wp-content\/uploads\/2022\/02\/Assets_Online-700x224.png 700w, https:\/\/kisme.com\/wp-content\/uploads\/2022\/02\/Assets_Online.png 1051w\" sizes=\"(max-width: 1024px) 100vw, 1024px\" \/><\/a><\/p><\/div><div class=\"qode-advanced-tab-container\" id=\"tab-digitale-zwillinge-steuern-131\" data-icon-pack=\"font_awesome\" data-icon-html=\"&lt;i class=&quot;qode_icon_font_awesome fa  &quot; &gt;&lt;\/i&gt;\"><ul><li>Digitale Zwillinge steuern<\/li><\/ul><p>Link: <a href=\"https:\/\/kismanager.rafi.de\/assets\/2101\/dashboard\/d317efef7-61e0\">https:\/\/kismanager.rafi.de\/assets\/2101\/dashboard\/d317efef7-61e0<\/a><\/p><p>\u00a0<\/p><p><img decoding=\"async\" class=\"alignnone size-full wp-image-1927\" src=\"https:\/\/stagekisme.westeurope.cloudapp.azure.com\/wp-content\/uploads\/2022\/02\/Assets_DigitalTwin.png\" alt=\"\" width=\"882\" height=\"398\" srcset=\"https:\/\/kisme.com\/wp-content\/uploads\/2022\/02\/Assets_DigitalTwin.png 882w, https:\/\/kisme.com\/wp-content\/uploads\/2022\/02\/Assets_DigitalTwin-300x135.png 300w, https:\/\/kisme.com\/wp-content\/uploads\/2022\/02\/Assets_DigitalTwin-768x347.png 768w, https:\/\/kisme.com\/wp-content\/uploads\/2022\/02\/Assets_DigitalTwin-700x316.png 700w\" sizes=\"(max-width: 882px) 100vw, 882px\" \/><\/p><\/div><div class=\"qode-advanced-tab-container\" id=\"tab-beispiel-use-cases-299\" data-icon-pack=\"font_awesome\" data-icon-html=\"&lt;i class=&quot;qode_icon_font_awesome fa  &quot; &gt;&lt;\/i&gt;\"><ul><li>Verschiedene Beispiel-Use-Cases anschauen<\/li><\/ul><p>Link: <a href=\"https:\/\/kismanager.rafi.de\/assetgroups\/list\">https:\/\/kismanager.rafi.de\/assetgroups\/list<\/a><\/p><p>\u00a0<\/p><p><img loading=\"lazy\" decoding=\"async\" class=\"alignnone size-full wp-image-1931\" src=\"https:\/\/stagekisme.westeurope.cloudapp.azure.com\/wp-content\/uploads\/2022\/02\/AssetGroup_Overview.png\" alt=\"\" width=\"1054\" height=\"265\" srcset=\"https:\/\/kisme.com\/wp-content\/uploads\/2022\/02\/AssetGroup_Overview.png 1054w, https:\/\/kisme.com\/wp-content\/uploads\/2022\/02\/AssetGroup_Overview-300x75.png 300w, https:\/\/kisme.com\/wp-content\/uploads\/2022\/02\/AssetGroup_Overview-1024x257.png 1024w, https:\/\/kisme.com\/wp-content\/uploads\/2022\/02\/AssetGroup_Overview-768x193.png 768w, https:\/\/kisme.com\/wp-content\/uploads\/2022\/02\/AssetGroup_Overview-700x176.png 700w\" sizes=\"(max-width: 1054px) 100vw, 1054px\" \/><\/p><\/div><div class=\"qode-advanced-tab-container\" id=\"tab-beispiel-dashboard-986\" data-icon-pack=\"font_awesome\" data-icon-html=\"&lt;i class=&quot;qode_icon_font_awesome fa  &quot; &gt;&lt;\/i&gt;\"><ul><li>Beispiel-Dashboards bef\u00fcllt mit Live-Daten<\/li><\/ul><p>Link: <a href=\"https:\/\/kismanager.rafi.de\/assets\/1751\/dashboard\/d243beb60-dbce\">https:\/\/kismanager.rafi.de\/assets\/1751\/dashboard\/d243beb60-dbce<\/a><\/p><p>\u00a0<\/p><p><img loading=\"lazy\" decoding=\"async\" class=\"alignnone size-full wp-image-1932\" src=\"https:\/\/stagekisme.westeurope.cloudapp.azure.com\/wp-content\/uploads\/2022\/02\/Asset_Dashboard.png\" alt=\"\" width=\"1881\" height=\"816\" srcset=\"https:\/\/kisme.com\/wp-content\/uploads\/2022\/02\/Asset_Dashboard.png 1881w, https:\/\/kisme.com\/wp-content\/uploads\/2022\/02\/Asset_Dashboard-300x130.png 300w, https:\/\/kisme.com\/wp-content\/uploads\/2022\/02\/Asset_Dashboard-1024x444.png 1024w, https:\/\/kisme.com\/wp-content\/uploads\/2022\/02\/Asset_Dashboard-768x333.png 768w, https:\/\/kisme.com\/wp-content\/uploads\/2022\/02\/Asset_Dashboard-1536x666.png 1536w, https:\/\/kisme.com\/wp-content\/uploads\/2022\/02\/Asset_Dashboard-700x304.png 700w\" sizes=\"(max-width: 1881px) 100vw, 1881px\" \/><\/p><\/div><\/div>\t\t\t\t<\/div>\n\t\t\t\t<\/div>\n\t\t\t\t<div class=\"elementor-element elementor-element-614f90b elementor-widget elementor-widget-spacer\" data-id=\"614f90b\" data-element_type=\"widget\" data-widget_type=\"spacer.default\">\n\t\t\t\t<div class=\"elementor-widget-container\">\n\t\t\t\t\t\t\t<div class=\"elementor-spacer\">\n\t\t\t<div class=\"elementor-spacer-inner\"><\/div>\n\t\t<\/div>\n\t\t\t\t\t\t<\/div>\n\t\t\t\t<\/div>\n\t\t\t\t<div class=\"elementor-element elementor-element-46feb72 elementor-widget elementor-widget-bridge_tabs\" data-id=\"46feb72\" data-element_type=\"widget\" data-widget_type=\"bridge_tabs.default\">\n\t\t\t\t<div class=\"elementor-widget-container\">\n\t\t\t\t\t<div class=\"qode-advanced-tabs qode-advanced-tabs qode-advanced-horizontal-tab clearfix qode-advanced-tab-with-icon qode-advanced-tabs-column-3 clearfix\">\n\t<ul class=\"qode-advanced-tabs-nav\">\n\t\t\t\t\t<li>\n\t\t\t\t<h6>\n\t\t\t\t\t<a href=\"#tab-rule-engine\">\n\t\t\t\t\t\t\t\t\t\t\t\t\t<span class=\"qode-advanced-icon-frame\"><\/span>\n\t\t\t\t\t\t\n\t\t\t\t\t\t\t\t\t\t\t\t\t<span class=\"qode-advanced-tab-text-after-icon\">\n\t\t\t\t\t\t\t\tRule-Engine\t\t\t\t\t\t\t<\/span>\n\t\t\t\t\t\t\t\t\t\t\t<\/a>\n\t\t\t\t<\/h6>\n\t\t\t<\/li>\n\t\t\t\t\t<li>\n\t\t\t\t<h6>\n\t\t\t\t\t<a href=\"#tab-kpi-berechnungen\">\n\t\t\t\t\t\t\t\t\t\t\t\t\t<span class=\"qode-advanced-icon-frame\"><\/span>\n\t\t\t\t\t\t\n\t\t\t\t\t\t\t\t\t\t\t\t\t<span class=\"qode-advanced-tab-text-after-icon\">\n\t\t\t\t\t\t\t\tKPI-Berechnungen\t\t\t\t\t\t\t<\/span>\n\t\t\t\t\t\t\t\t\t\t\t<\/a>\n\t\t\t\t<\/h6>\n\t\t\t<\/li>\n\t\t\t\t\t<li>\n\t\t\t\t<h6>\n\t\t\t\t\t<a href=\"#tab-datenpunkt-historie\">\n\t\t\t\t\t\t\t\t\t\t\t\t\t<span class=\"qode-advanced-icon-frame\"><\/span>\n\t\t\t\t\t\t\n\t\t\t\t\t\t\t\t\t\t\t\t\t<span class=\"qode-advanced-tab-text-after-icon\">\n\t\t\t\t\t\t\t\tDatenpunkt-Historie\t\t\t\t\t\t\t<\/span>\n\t\t\t\t\t\t\t\t\t\t\t<\/a>\n\t\t\t\t<\/h6>\n\t\t\t<\/li>\n\t\t\t<\/ul>\n\t<div class=\"qode-advanced-tab-container\" id=\"tab-rule-engine-28\" data-icon-pack=\"font_awesome\" data-icon-html=\"&lt;i class=&quot;qode_icon_font_awesome fa  &quot; &gt;&lt;\/i&gt;\"><ul><li>Rule-Engine anschauen<\/li><\/ul><p>Link: <a href=\"https:\/\/kismanager.rafi.de\/assetgroups\/1311\/ruleengine\/6c6168ab-bdc6-489d-a877-41174fb8eff6\">https:\/\/kismanager.rafi.de\/assetgroups\/1311\/ruleengine\/6c6168ab-bdc6-489d-a877-41174fb8eff6<\/a><\/p><p>\u00a0<\/p><p><img loading=\"lazy\" decoding=\"async\" class=\"alignnone size-full wp-image-1936\" src=\"https:\/\/stagekisme.westeurope.cloudapp.azure.com\/wp-content\/uploads\/2022\/02\/RuleEngine_Example.png\" alt=\"\" width=\"1241\" height=\"715\" srcset=\"https:\/\/kisme.com\/wp-content\/uploads\/2022\/02\/RuleEngine_Example.png 1241w, https:\/\/kisme.com\/wp-content\/uploads\/2022\/02\/RuleEngine_Example-300x173.png 300w, https:\/\/kisme.com\/wp-content\/uploads\/2022\/02\/RuleEngine_Example-1024x590.png 1024w, https:\/\/kisme.com\/wp-content\/uploads\/2022\/02\/RuleEngine_Example-768x442.png 768w, https:\/\/kisme.com\/wp-content\/uploads\/2022\/02\/RuleEngine_Example-345x198.png 345w, https:\/\/kisme.com\/wp-content\/uploads\/2022\/02\/RuleEngine_Example-700x403.png 700w\" sizes=\"(max-width: 1241px) 100vw, 1241px\" \/><\/p><\/div><div class=\"qode-advanced-tab-container\" id=\"tab-kpi-berechnungen-82\" data-icon-pack=\"font_awesome\" data-icon-html=\"&lt;i class=&quot;qode_icon_font_awesome fa  &quot; &gt;&lt;\/i&gt;\"><ul><li>KPI-Berechnungen anschauen<\/li><\/ul><p>Link: <a href=\"https:\/\/kismanager.rafi.de\/assets\/1751\/dataprocessingdefinitions\/edit\/4910\">https:\/\/kismanager.rafi.de\/assets\/1751\/dataprocessingdefinitions\/edit\/4910<\/a><\/p><\/div><div class=\"qode-advanced-tab-container\" id=\"tab-datenpunkt-historie-785\" data-icon-pack=\"\" data-icon-html=\"\"><ul><li>Datenpunkt-Historie anschauen<\/li><\/ul><p>Link: <a href=\"https:\/\/kismanager.rafi.de\/assets\/1751\/datapoints\">https:\/\/kismanager.rafi.de\/assets\/1751\/datapoints<\/a><\/p><\/div><\/div>\t\t\t\t<\/div>\n\t\t\t\t<\/div>\n\t\t\t\t<div class=\"elementor-element elementor-element-1d08ba2 elementor-widget elementor-widget-spacer\" data-id=\"1d08ba2\" data-element_type=\"widget\" data-widget_type=\"spacer.default\">\n\t\t\t\t<div class=\"elementor-widget-container\">\n\t\t\t\t\t\t\t<div class=\"elementor-spacer\">\n\t\t\t<div class=\"elementor-spacer-inner\"><\/div>\n\t\t<\/div>\n\t\t\t\t\t\t<\/div>\n\t\t\t\t<\/div>\n\t\t\t\t\t<\/div>\n\t\t<\/div>\n\t\t\t\t\t<\/div>\n\t\t<\/section>\n\t\t\t\t<section class=\"elementor-section elementor-top-section elementor-element elementor-element-3304fe54 elementor-section-boxed elementor-section-height-default elementor-section-height-default parallax_section_no qode_elementor_container_no\" data-id=\"3304fe54\" data-element_type=\"section\">\n\t\t\t\t\t\t<div class=\"elementor-container elementor-column-gap-default\">\n\t\t\t\t\t<div class=\"elementor-column elementor-col-100 elementor-top-column elementor-element elementor-element-4a59c23\" data-id=\"4a59c23\" data-element_type=\"column\">\n\t\t\t<div class=\"elementor-widget-wrap elementor-element-populated\">\n\t\t\t\t\t\t<div class=\"elementor-element elementor-element-25bf49b4 elementor-widget elementor-widget-image\" data-id=\"25bf49b4\" data-element_type=\"widget\" data-widget_type=\"image.default\">\n\t\t\t\t<div class=\"elementor-widget-container\">\n\t\t\t\t\t\t\t\t\t\t\t\t\t\t\t<img loading=\"lazy\" decoding=\"async\" width=\"1860\" height=\"1044\" src=\"https:\/\/kisme.com\/wp-content\/uploads\/2021\/12\/TheSystem_Standbild.png\" class=\"attachment-full size-full wp-image-684\" alt=\"DIGITALISIERUNG VON PROZESSEN MIT KIS.ME AM BEISPIEL VON RAFI\" srcset=\"https:\/\/kisme.com\/wp-content\/uploads\/2021\/12\/TheSystem_Standbild.png 1860w, https:\/\/kisme.com\/wp-content\/uploads\/2021\/12\/TheSystem_Standbild-300x168.png 300w, https:\/\/kisme.com\/wp-content\/uploads\/2021\/12\/TheSystem_Standbild-1024x575.png 1024w, https:\/\/kisme.com\/wp-content\/uploads\/2021\/12\/TheSystem_Standbild-768x431.png 768w, https:\/\/kisme.com\/wp-content\/uploads\/2021\/12\/TheSystem_Standbild-1536x862.png 1536w, https:\/\/kisme.com\/wp-content\/uploads\/2021\/12\/TheSystem_Standbild-700x393.png 700w, https:\/\/kisme.com\/wp-content\/uploads\/2021\/12\/TheSystem_Standbild-539x303.png 539w\" sizes=\"(max-width: 1860px) 100vw, 1860px\" \/>\t\t\t\t\t\t\t\t\t\t\t\t\t\t\t<\/div>\n\t\t\t\t<\/div>\n\t\t\t\t<div class=\"elementor-element elementor-element-a983d47 elementor-widget__width-initial elementor-widget elementor-widget-qi_addons_for_elementor_call_to_action\" data-id=\"a983d47\" data-element_type=\"widget\" data-widget_type=\"qi_addons_for_elementor_call_to_action.default\">\n\t\t\t\t<div class=\"elementor-widget-container\">\n\t\t\t\t\t<div class=\"qodef-shortcode qodef-m qodef-qi-call-to-action qodef-layout--standard qodef-button-below--768 qodef-link-overlay\">\n\t<div class=\"qodef-m-inner\">\n\t\t<div class=\"qodef-m-content\">\n\t\t\t<h4 class=\"qodef-m-title\">\n\t\t\tRevolutionieren Sie ihre Prozesse mit KIS.ME\t\t<\/h4>\n\t\t\t\t<div class=\"qodef-m-text\">\n\t\t\tErfahren Sie, wie KIS.ME Ihre Prozesse optimieren kann! <br>Fordern Sie jetzt eine unverbindliche Beratung an und erhalten Sie ma\u00dfgeschneiderte L\u00f6sungen.\n\n\t\t<\/div>\n\t<\/div>\n\t\t\t<div class=\"qodef-m-button\">\n\t\t<a class=\"qodef-shortcode qodef-m qodef-qi-button qodef-html--link qodef-layout--outlined qodef-type--standard qodef-icon--right qodef-hover--icon-move-horizontal-short\" href=\"https:\/\/kisme.com\/de\/kontakt\/#Kontaktformular\" target=\"_self\">\t<span class=\"qodef-m-text\">JETZT ANFRAGEN<\/span>\t\t<span class=\"qodef-m-icon\">\t\t<span class=\"qodef-m-icon-inner\">\t\t\t<i aria-hidden=\"true\" class=\"fas fa-arrow-right\"><\/i>\t\t\t\t\t<\/span>\t<\/span><\/a>\t<\/div>\n\t\t\t\t\t<a class=\"qodef-m-link\" href=\"https:\/\/kisme.com\/de\/kontakt\/#Kontaktformular\" target=\"_self\"><\/a>\n\t\t\t<\/div>\n<\/div>\n\t\t\t\t<\/div>\n\t\t\t\t<\/div>\n\t\t\t\t<div class=\"elementor-element elementor-element-4a61f731 elementor-widget elementor-widget-spacer\" data-id=\"4a61f731\" data-element_type=\"widget\" data-widget_type=\"spacer.default\">\n\t\t\t\t<div class=\"elementor-widget-container\">\n\t\t\t\t\t\t\t<div class=\"elementor-spacer\">\n\t\t\t<div class=\"elementor-spacer-inner\"><\/div>\n\t\t<\/div>\n\t\t\t\t\t\t<\/div>\n\t\t\t\t<\/div>\n\t\t\t\t\t<\/div>\n\t\t<\/div>\n\t\t\t\t\t<\/div>\n\t\t<\/section>\n\t\t\t\t<\/div>\n\t\t","protected":false},"excerpt":{"rendered":"<p>KIS.Manager selbst testen Demo-Account den KIS.MANAGER unverbindlich kennenlernen Ein erster Einblick in die Funktionen des KIS.MANAGERs kann \u00fcber einen Demo-Zugang gewonnen werden. Dazu m\u00fcssen weder KIS.ME Ger\u00e4te noch eine Lizenz erworben werden. Um den Demo-Zugang zu erreichen, bitte dem Link folgen und die hier bereitgestellten&#8230;<\/p>\n","protected":false},"author":3,"featured_media":1713,"parent":6844,"menu_order":5,"comment_status":"closed","ping_status":"closed","template":"","meta":{"footnotes":""},"class_list":["post-922","page","type-page","status-publish","has-post-thumbnail","hentry"],"_links":{"self":[{"href":"https:\/\/kisme.com\/de\/wp-json\/wp\/v2\/pages\/922","targetHints":{"allow":["GET"]}}],"collection":[{"href":"https:\/\/kisme.com\/de\/wp-json\/wp\/v2\/pages"}],"about":[{"href":"https:\/\/kisme.com\/de\/wp-json\/wp\/v2\/types\/page"}],"author":[{"embeddable":true,"href":"https:\/\/kisme.com\/de\/wp-json\/wp\/v2\/users\/3"}],"replies":[{"embeddable":true,"href":"https:\/\/kisme.com\/de\/wp-json\/wp\/v2\/comments?post=922"}],"version-history":[{"count":171,"href":"https:\/\/kisme.com\/de\/wp-json\/wp\/v2\/pages\/922\/revisions"}],"predecessor-version":[{"id":9073,"href":"https:\/\/kisme.com\/de\/wp-json\/wp\/v2\/pages\/922\/revisions\/9073"}],"up":[{"embeddable":true,"href":"https:\/\/kisme.com\/de\/wp-json\/wp\/v2\/pages\/6844"}],"wp:featuredmedia":[{"embeddable":true,"href":"https:\/\/kisme.com\/de\/wp-json\/wp\/v2\/media\/1713"}],"wp:attachment":[{"href":"https:\/\/kisme.com\/de\/wp-json\/wp\/v2\/media?parent=922"}],"curies":[{"name":"wp","href":"https:\/\/api.w.org\/{rel}","templated":true}]}}