{"id":920,"date":"2022-01-04T14:02:27","date_gmt":"2022-01-04T13:02:27","guid":{"rendered":"https:\/\/stagekisme.westeurope.cloudapp.azure.com\/?page_id=920"},"modified":"2024-05-29T12:42:04","modified_gmt":"2024-05-29T10:42:04","slug":"warum-kis-me","status":"publish","type":"page","link":"https:\/\/kisme.com\/de\/warum-kis-me\/","title":{"rendered":"Warum KIS.ME?"},"content":{"rendered":"\t\t<div data-elementor-type=\"wp-page\" data-elementor-id=\"920\" class=\"elementor elementor-920\">\n\t\t\t\t\t\t<section class=\"elementor-section elementor-top-section elementor-element elementor-element-410b5c9 elementor-section-boxed elementor-section-height-default elementor-section-height-default parallax_section_no qode_elementor_container_no\" data-id=\"410b5c9\" data-element_type=\"section\">\n\t\t\t\t\t\t<div class=\"elementor-container elementor-column-gap-default\">\n\t\t\t\t\t<div class=\"elementor-column elementor-col-100 elementor-top-column elementor-element elementor-element-34e1c83\" data-id=\"34e1c83\" data-element_type=\"column\">\n\t\t\t<div class=\"elementor-widget-wrap elementor-element-populated\">\n\t\t\t\t\t\t<div class=\"elementor-element elementor-element-18f0686 elementor-widget elementor-widget-heading\" data-id=\"18f0686\" data-element_type=\"widget\" data-widget_type=\"heading.default\">\n\t\t\t\t<div class=\"elementor-widget-container\">\n\t\t\t\t\t<h6 class=\"elementor-heading-title elementor-size-default\">Die Geschichte dahinter<\/h6>\t\t\t\t<\/div>\n\t\t\t\t<\/div>\n\t\t\t\t<div class=\"elementor-element elementor-element-5a2d15d elementor-widget-divider--view-line elementor-widget elementor-widget-divider\" data-id=\"5a2d15d\" data-element_type=\"widget\" data-widget_type=\"divider.default\">\n\t\t\t\t<div class=\"elementor-widget-container\">\n\t\t\t\t\t\t\t<div class=\"elementor-divider\">\n\t\t\t<span class=\"elementor-divider-separator\">\n\t\t\t\t\t\t<\/span>\n\t\t<\/div>\n\t\t\t\t\t\t<\/div>\n\t\t\t\t<\/div>\n\t\t\t\t<div class=\"elementor-element elementor-element-279333c elementor-widget elementor-widget-heading\" data-id=\"279333c\" data-element_type=\"widget\" data-widget_type=\"heading.default\">\n\t\t\t\t<div class=\"elementor-widget-container\">\n\t\t\t\t\t<h1 class=\"elementor-heading-title elementor-size-default\">Warum KIS.ME?<\/h1>\t\t\t\t<\/div>\n\t\t\t\t<\/div>\n\t\t\t\t<div class=\"elementor-element elementor-element-ba32744 elementor-widget elementor-widget-text-editor\" data-id=\"ba32744\" data-element_type=\"widget\" data-widget_type=\"text-editor.default\">\n\t\t\t\t<div class=\"elementor-widget-container\">\n\t\t\t\t\t\t\t\t\t<p>Das Produkt KIS.ME hat bei RAFI schon eine lange Geschichte. Geboren ist die Idee 2014 im Rahmen des Innovationmanagement-Prozesses bei RAFI GmbH &amp; Co. KG. Schon sehr schnell wurde damals erkannt, dass die Idee nicht nur f\u00fcr die eigenen Produktions- und Logistikprozesse geeignet ist, sondern es da drau\u00dfen doch bestimmt auch sehr viele Unternehmen gibt, die \u00e4hnliche Probleme haben.<\/p>\t\t\t\t\t\t\t\t<\/div>\n\t\t\t\t<\/div>\n\t\t\t\t<div class=\"elementor-element elementor-element-9cd50a6 elementor-widget elementor-widget-spacer\" data-id=\"9cd50a6\" data-element_type=\"widget\" data-widget_type=\"spacer.default\">\n\t\t\t\t<div class=\"elementor-widget-container\">\n\t\t\t\t\t\t\t<div class=\"elementor-spacer\">\n\t\t\t<div class=\"elementor-spacer-inner\"><\/div>\n\t\t<\/div>\n\t\t\t\t\t\t<\/div>\n\t\t\t\t<\/div>\n\t\t\t\t<div class=\"elementor-element elementor-element-eb72b70 elementor-widget elementor-widget-heading\" data-id=\"eb72b70\" data-element_type=\"widget\" data-widget_type=\"heading.default\">\n\t\t\t\t<div class=\"elementor-widget-container\">\n\t\t\t\t\t<h2 class=\"elementor-heading-title elementor-size-default\">Doch was war das Problem?<\/h2>\t\t\t\t<\/div>\n\t\t\t\t<\/div>\n\t\t\t\t<div class=\"elementor-element elementor-element-1212e6a elementor-widget elementor-widget-text-editor\" data-id=\"1212e6a\" data-element_type=\"widget\" data-widget_type=\"text-editor.default\">\n\t\t\t\t<div class=\"elementor-widget-container\">\n\t\t\t\t\t\t\t\t\t<p>Bei der RAFI GmbH &amp; Co. KG geh\u00f6rt eine sehr hohe Fertigungstiefe schon zur DNA und dem Erfolgskonzept. Die aller meisten Produkte im Portfolio werden in der RAFI Gruppe selbst gefertigt und auch kundenspezifische Projekte werden nur umgesetzt, wenn daraus Produkte entstehen, die bei RAFI gefertigt werden k\u00f6nnen. Daher ist \u00fcber die Jahrzehnte die Fertigungskompetenz drastisch gestiegen. So kann ist es nicht verwunderlich, dass auch die Komplexit\u00e4t der Prozesse, auch \u00fcber mehrere Standorte hinweg, kontinuierlich gestiegen ist. Ein Reibungsloser Ablauf in Produktion und Logistik funktioniert nur, wenn die Transparenz gro\u00df ist und ein kontinuierlicher Verbesserungsprozess (KVP) funktioniert. <br \/>Das Problem ist jedoch, dass in gewachsenen Strukturen ein gesamtheitliches Tool fehlt, in dem alle Informationen zusammenflie\u00dfen. Geboren ist die Idee f\u00fcr System, das sich leicht nachr\u00fcsten l\u00e4sst und Informationen zu bestehenden Prozessen sammelt und auswertet. Dabei ging es nie, neue Prozesse einzuf\u00fchren oder gar zu steuern, sondern lediglich wie eine Art \u201eRucksack\u201c an die bestehenden Maschinen und Anlagen anzuh\u00e4ngen. Der Vorteil davon? Ganz eindeutig \u2013 Prozess-Know-How und Parameter k\u00f6nnen nicht mutwillig und unbeabsichtigt gest\u00f6rt oder ver\u00e4ndert werden, durch KIS.ME werden lediglich die relevanten Informationen auf eine Plattform \u00fcbertragen und dort transparent dargestellt.<\/p>\t\t\t\t\t\t\t\t<\/div>\n\t\t\t\t<\/div>\n\t\t\t\t<div class=\"elementor-element elementor-element-ef735e8 elementor-widget elementor-widget-spacer\" data-id=\"ef735e8\" data-element_type=\"widget\" data-widget_type=\"spacer.default\">\n\t\t\t\t<div class=\"elementor-widget-container\">\n\t\t\t\t\t\t\t<div class=\"elementor-spacer\">\n\t\t\t<div class=\"elementor-spacer-inner\"><\/div>\n\t\t<\/div>\n\t\t\t\t\t\t<\/div>\n\t\t\t\t<\/div>\n\t\t\t\t<div class=\"elementor-element elementor-element-6ead94d elementor-widget elementor-widget-heading\" data-id=\"6ead94d\" data-element_type=\"widget\" data-widget_type=\"heading.default\">\n\t\t\t\t<div class=\"elementor-widget-container\">\n\t\t\t\t\t<h2 class=\"elementor-heading-title elementor-size-default\">Aber was ist bei KIS.ME nun anders?<\/h2>\t\t\t\t<\/div>\n\t\t\t\t<\/div>\n\t\t\t\t<div class=\"elementor-element elementor-element-bd1c830 elementor-widget elementor-widget-heading\" data-id=\"bd1c830\" data-element_type=\"widget\" data-widget_type=\"heading.default\">\n\t\t\t\t<div class=\"elementor-widget-container\">\n\t\t\t\t\t<h3 class=\"elementor-heading-title elementor-size-default\">Die Integration von Menschen!<\/h3>\t\t\t\t<\/div>\n\t\t\t\t<\/div>\n\t\t\t\t<div class=\"elementor-element elementor-element-fa74ad1 elementor-widget elementor-widget-text-editor\" data-id=\"fa74ad1\" data-element_type=\"widget\" data-widget_type=\"text-editor.default\">\n\t\t\t\t<div class=\"elementor-widget-container\">\n\t\t\t\t\t\t\t\t\t<p>Menschen spielen seit der Gr\u00fcndung von RAFI eine zentrale Rolle. RAFI liefert seit \u00fcber 120 Jahren Produkte f\u00fcr die Schnittstelle zwischen dem Menschen und Maschinen. Der Begriff f\u00fcr eine Maschine ist sehr breit gef\u00e4chert \u2013 Maschinen k\u00f6nnen Produktions- und Bearbeitungsanlagen sein, Kaffeemaschinen oder Baumaschinen, Medizinger\u00e4te oder intelligente Kommunikationsger\u00e4te \u2013 und bei jedem dieser Maschinen bildet RAFI die passende L\u00f6sung.<\/p><p>Ganz h\u00e4ufig wird heutzutage von der Digitalisierung von Produktions- und Logistikprozessen gesprochen und dabei nur an Maschinen und Anlagen gedacht. Aber die Menschen, die diese Anlagen bedienen werden oft vergessen. Zudem gibt es noch sehr weit verbreitet viel Handarbeit oder manuelle Prozesse, aber von diesem spricht niemand, wenn es um Industrie 4.0, Digitalisierung und IoT geht. \u00a0<\/p><p>\u00a0<\/p><p>Das haben wir erkannt, denn auch bei uns arbeiten sehr viele Menschen in der Produktion und Logistik \u2013 und auch hier muss alles reibungslos funktionieren und daf\u00fcr ist Transparenz \u00fcber die Prozesse wichtig. So haben wir uns eine L\u00f6sung \u00fcberlegt, die genau auf unsere Anforderungen passt aber dennoch so flexibel ist, um sie auch in anderen Anwendungen einzusetzen.<\/p>\t\t\t\t\t\t\t\t<\/div>\n\t\t\t\t<\/div>\n\t\t\t\t<section class=\"elementor-section elementor-inner-section elementor-element elementor-element-13c7051 elementor-section-boxed elementor-section-height-default elementor-section-height-default parallax_section_no qode_elementor_container_no\" data-id=\"13c7051\" data-element_type=\"section\">\n\t\t\t\t\t\t<div class=\"elementor-container elementor-column-gap-default\">\n\t\t\t\t\t<div class=\"elementor-column elementor-col-50 elementor-inner-column elementor-element elementor-element-d128dae\" data-id=\"d128dae\" data-element_type=\"column\">\n\t\t\t<div class=\"elementor-widget-wrap elementor-element-populated\">\n\t\t\t\t\t\t<div class=\"elementor-element elementor-element-01cde9f elementor-align-center elementor-widget elementor-widget-button\" data-id=\"01cde9f\" data-element_type=\"widget\" data-widget_type=\"button.default\">\n\t\t\t\t<div class=\"elementor-widget-container\">\n\t\t\t\t\t\t\t\t\t<div class=\"elementor-button-wrapper\">\n\t\t\t\t\t<a class=\"elementor-button elementor-button-link elementor-size-sm\" href=\"\/de\/produkte\/\">\n\t\t\t\t\t\t<span class=\"elementor-button-content-wrapper\">\n\t\t\t\t\t\t<span class=\"elementor-button-icon\">\n\t\t\t\t<i aria-hidden=\"true\" class=\"fas fa-arrow-right\"><\/i>\t\t\t<\/span>\n\t\t\t\t\t\t\t\t\t<span class=\"elementor-button-text\">Produkte<\/span>\n\t\t\t\t\t<\/span>\n\t\t\t\t\t<\/a>\n\t\t\t\t<\/div>\n\t\t\t\t\t\t\t\t<\/div>\n\t\t\t\t<\/div>\n\t\t\t\t\t<\/div>\n\t\t<\/div>\n\t\t\t\t<div class=\"elementor-column elementor-col-50 elementor-inner-column elementor-element elementor-element-0b5eb2d\" data-id=\"0b5eb2d\" data-element_type=\"column\">\n\t\t\t<div class=\"elementor-widget-wrap elementor-element-populated\">\n\t\t\t\t\t\t<div class=\"elementor-element elementor-element-ba8df9e elementor-align-center elementor-widget elementor-widget-button\" data-id=\"ba8df9e\" data-element_type=\"widget\" data-widget_type=\"button.default\">\n\t\t\t\t<div class=\"elementor-widget-container\">\n\t\t\t\t\t\t\t\t\t<div class=\"elementor-button-wrapper\">\n\t\t\t\t\t<a class=\"elementor-button elementor-button-link elementor-size-sm\" href=\"\/de\/demo\/\">\n\t\t\t\t\t\t<span class=\"elementor-button-content-wrapper\">\n\t\t\t\t\t\t<span class=\"elementor-button-icon\">\n\t\t\t\t<i aria-hidden=\"true\" class=\"fas fa-arrow-right\"><\/i>\t\t\t<\/span>\n\t\t\t\t\t\t\t\t\t<span class=\"elementor-button-text\">Demo<\/span>\n\t\t\t\t\t<\/span>\n\t\t\t\t\t<\/a>\n\t\t\t\t<\/div>\n\t\t\t\t\t\t\t\t<\/div>\n\t\t\t\t<\/div>\n\t\t\t\t\t<\/div>\n\t\t<\/div>\n\t\t\t\t\t<\/div>\n\t\t<\/section>\n\t\t\t\t<div class=\"elementor-element elementor-element-35a9989 elementor-widget elementor-widget-spacer\" data-id=\"35a9989\" data-element_type=\"widget\" data-widget_type=\"spacer.default\">\n\t\t\t\t<div class=\"elementor-widget-container\">\n\t\t\t\t\t\t\t<div class=\"elementor-spacer\">\n\t\t\t<div class=\"elementor-spacer-inner\"><\/div>\n\t\t<\/div>\n\t\t\t\t\t\t<\/div>\n\t\t\t\t<\/div>\n\t\t\t\t<div class=\"elementor-element elementor-element-fcb8d3f elementor-widget elementor-widget-heading\" data-id=\"fcb8d3f\" data-element_type=\"widget\" data-widget_type=\"heading.default\">\n\t\t\t\t<div class=\"elementor-widget-container\">\n\t\t\t\t\t<h2 class=\"elementor-heading-title elementor-size-default\">KIS.ME f\u00fcr alle<\/h2>\t\t\t\t<\/div>\n\t\t\t\t<\/div>\n\t\t\t\t<div class=\"elementor-element elementor-element-cd05006 elementor-widget elementor-widget-text-editor\" data-id=\"cd05006\" data-element_type=\"widget\" data-widget_type=\"text-editor.default\">\n\t\t\t\t<div class=\"elementor-widget-container\">\n\t\t\t\t\t\t\t\t\t<p>Sehr schnell haben wir jedoch gemerkt, dass wir mit den Problemen nicht alleine sind und m\u00f6chten allen auf dieser Welt die Vorteile nicht vorenthalten. Wir haben uns dann bewusst daf\u00fcr entschieden, die Plattform zu \u00f6ffnen und die Nutzung auch f\u00fcr anderen Unternehmen in Europa anzubieten.<\/p><p>Dazu haben wir unsere Hardware in aufw\u00e4ndigen Entwicklungsprozessen f\u00fcr den breiten Einsatz tauglich gemacht und qualifiziert, unsere Plattform wurde aus der IT-Security Sicht auf Herz und Nieren gepr\u00fcft und komplett neue Vertriebskan\u00e4le mit neuen Zielgruppen erschlossen. Ein enormer Aufwand, aber es hat sich gelohnt.<\/p><p>In den folgenden Success Stories beschreiben wir, was andere Unternehmen an KIS.ME besonders sch\u00e4tzen.<\/p>\t\t\t\t\t\t\t\t<\/div>\n\t\t\t\t<\/div>\n\t\t\t\t<div class=\"elementor-element elementor-element-320f8bd elementor-widget elementor-widget-spacer\" data-id=\"320f8bd\" data-element_type=\"widget\" data-widget_type=\"spacer.default\">\n\t\t\t\t<div class=\"elementor-widget-container\">\n\t\t\t\t\t\t\t<div class=\"elementor-spacer\">\n\t\t\t<div class=\"elementor-spacer-inner\"><\/div>\n\t\t<\/div>\n\t\t\t\t\t\t<\/div>\n\t\t\t\t<\/div>\n\t\t\t\t<div class=\"elementor-element elementor-element-2e87578 elementor-align-center elementor-widget elementor-widget-button\" data-id=\"2e87578\" data-element_type=\"widget\" data-widget_type=\"button.default\">\n\t\t\t\t<div class=\"elementor-widget-container\">\n\t\t\t\t\t\t\t\t\t<div class=\"elementor-button-wrapper\">\n\t\t\t\t\t<a class=\"elementor-button elementor-button-link elementor-size-sm\" href=\"\/de\/erfolgsgeschichten\/\">\n\t\t\t\t\t\t<span class=\"elementor-button-content-wrapper\">\n\t\t\t\t\t\t<span class=\"elementor-button-icon\">\n\t\t\t\t<i aria-hidden=\"true\" class=\"fas fa-arrow-right\"><\/i>\t\t\t<\/span>\n\t\t\t\t\t\t\t\t\t<span class=\"elementor-button-text\">Zu den Erfolgsgeschichten<\/span>\n\t\t\t\t\t<\/span>\n\t\t\t\t\t<\/a>\n\t\t\t\t<\/div>\n\t\t\t\t\t\t\t\t<\/div>\n\t\t\t\t<\/div>\n\t\t\t\t\t<\/div>\n\t\t<\/div>\n\t\t\t\t\t<\/div>\n\t\t<\/section>\n\t\t\t\t<section class=\"elementor-section elementor-top-section elementor-element elementor-element-f3255bf elementor-section-boxed elementor-section-height-default elementor-section-height-default parallax_section_no qode_elementor_container_no\" data-id=\"f3255bf\" data-element_type=\"section\">\n\t\t\t\t\t\t<div class=\"elementor-container elementor-column-gap-default\">\n\t\t\t\t\t<div class=\"elementor-column elementor-col-100 elementor-top-column elementor-element elementor-element-f717efe\" data-id=\"f717efe\" data-element_type=\"column\">\n\t\t\t<div class=\"elementor-widget-wrap elementor-element-populated\">\n\t\t\t\t\t\t<div class=\"elementor-element elementor-element-3041dd0a elementor-widget elementor-widget-image\" data-id=\"3041dd0a\" data-element_type=\"widget\" data-widget_type=\"image.default\">\n\t\t\t\t<div class=\"elementor-widget-container\">\n\t\t\t\t\t\t\t\t\t\t\t\t\t\t\t<img fetchpriority=\"high\" decoding=\"async\" width=\"1860\" height=\"1044\" src=\"https:\/\/kisme.com\/wp-content\/uploads\/2021\/12\/TheSystem_Standbild.png\" class=\"attachment-full size-full wp-image-684\" alt=\"DIGITALISIERUNG VON PROZESSEN MIT KIS.ME AM BEISPIEL VON RAFI\" srcset=\"https:\/\/kisme.com\/wp-content\/uploads\/2021\/12\/TheSystem_Standbild.png 1860w, https:\/\/kisme.com\/wp-content\/uploads\/2021\/12\/TheSystem_Standbild-300x168.png 300w, https:\/\/kisme.com\/wp-content\/uploads\/2021\/12\/TheSystem_Standbild-1024x575.png 1024w, https:\/\/kisme.com\/wp-content\/uploads\/2021\/12\/TheSystem_Standbild-768x431.png 768w, https:\/\/kisme.com\/wp-content\/uploads\/2021\/12\/TheSystem_Standbild-1536x862.png 1536w, https:\/\/kisme.com\/wp-content\/uploads\/2021\/12\/TheSystem_Standbild-700x393.png 700w, https:\/\/kisme.com\/wp-content\/uploads\/2021\/12\/TheSystem_Standbild-539x303.png 539w\" sizes=\"(max-width: 1860px) 100vw, 1860px\" \/>\t\t\t\t\t\t\t\t\t\t\t\t\t\t\t<\/div>\n\t\t\t\t<\/div>\n\t\t\t\t<div class=\"elementor-element elementor-element-df81aa3 elementor-widget__width-initial elementor-widget elementor-widget-qi_addons_for_elementor_call_to_action\" data-id=\"df81aa3\" data-element_type=\"widget\" data-widget_type=\"qi_addons_for_elementor_call_to_action.default\">\n\t\t\t\t<div class=\"elementor-widget-container\">\n\t\t\t\t\t<div class=\"qodef-shortcode qodef-m qodef-qi-call-to-action qodef-layout--standard qodef-button-below--768 qodef-link-overlay\">\n\t<div class=\"qodef-m-inner\">\n\t\t<div class=\"qodef-m-content\">\n\t\t\t<h4 class=\"qodef-m-title\">\n\t\t\tRevolutionieren Sie ihre Prozesse mit KIS.ME\t\t<\/h4>\n\t\t\t\t<div class=\"qodef-m-text\">\n\t\t\tErfahren Sie, wie KIS.ME Ihre Prozesse optimieren kann! <br>Fordern Sie jetzt eine unverbindliche Beratung an und erhalten Sie ma\u00dfgeschneiderte L\u00f6sungen.\n\n\t\t<\/div>\n\t<\/div>\n\t\t\t<div class=\"qodef-m-button\">\n\t\t<a class=\"qodef-shortcode qodef-m qodef-qi-button qodef-html--link qodef-layout--outlined qodef-type--standard qodef-icon--right qodef-hover--icon-move-horizontal-short\" href=\"https:\/\/kisme.com\/de\/kontakt\/#Kontaktformular\" target=\"_self\">\t<span class=\"qodef-m-text\">JETZT ANFRAGEN<\/span>\t\t<span class=\"qodef-m-icon\">\t\t<span class=\"qodef-m-icon-inner\">\t\t\t<i aria-hidden=\"true\" class=\"fas fa-arrow-right\"><\/i>\t\t\t\t\t<\/span>\t<\/span><\/a>\t<\/div>\n\t\t\t\t\t<a class=\"qodef-m-link\" href=\"https:\/\/kisme.com\/de\/kontakt\/#Kontaktformular\" target=\"_self\"><\/a>\n\t\t\t<\/div>\n<\/div>\n\t\t\t\t<\/div>\n\t\t\t\t<\/div>\n\t\t\t\t<div class=\"elementor-element elementor-element-3ac44368 elementor-widget elementor-widget-spacer\" data-id=\"3ac44368\" data-element_type=\"widget\" data-widget_type=\"spacer.default\">\n\t\t\t\t<div class=\"elementor-widget-container\">\n\t\t\t\t\t\t\t<div class=\"elementor-spacer\">\n\t\t\t<div class=\"elementor-spacer-inner\"><\/div>\n\t\t<\/div>\n\t\t\t\t\t\t<\/div>\n\t\t\t\t<\/div>\n\t\t\t\t\t<\/div>\n\t\t<\/div>\n\t\t\t\t\t<\/div>\n\t\t<\/section>\n\t\t\t\t<\/div>\n\t\t","protected":false},"excerpt":{"rendered":"<p>Die Geschichte dahinter Warum KIS.ME? Das Produkt KIS.ME hat bei RAFI schon eine lange Geschichte. Geboren ist die Idee 2014 im Rahmen des Innovationmanagement-Prozesses bei RAFI GmbH &amp; Co. KG. Schon sehr schnell wurde damals erkannt, dass die Idee nicht nur f\u00fcr die eigenen Produktions-&#8230;<\/p>\n","protected":false},"author":3,"featured_media":1292,"parent":0,"menu_order":0,"comment_status":"closed","ping_status":"closed","template":"","meta":{"footnotes":""},"class_list":["post-920","page","type-page","status-publish","has-post-thumbnail","hentry"],"_links":{"self":[{"href":"https:\/\/kisme.com\/de\/wp-json\/wp\/v2\/pages\/920","targetHints":{"allow":["GET"]}}],"collection":[{"href":"https:\/\/kisme.com\/de\/wp-json\/wp\/v2\/pages"}],"about":[{"href":"https:\/\/kisme.com\/de\/wp-json\/wp\/v2\/types\/page"}],"author":[{"embeddable":true,"href":"https:\/\/kisme.com\/de\/wp-json\/wp\/v2\/users\/3"}],"replies":[{"embeddable":true,"href":"https:\/\/kisme.com\/de\/wp-json\/wp\/v2\/comments?post=920"}],"version-history":[{"count":77,"href":"https:\/\/kisme.com\/de\/wp-json\/wp\/v2\/pages\/920\/revisions"}],"predecessor-version":[{"id":9006,"href":"https:\/\/kisme.com\/de\/wp-json\/wp\/v2\/pages\/920\/revisions\/9006"}],"wp:featuredmedia":[{"embeddable":true,"href":"https:\/\/kisme.com\/de\/wp-json\/wp\/v2\/media\/1292"}],"wp:attachment":[{"href":"https:\/\/kisme.com\/de\/wp-json\/wp\/v2\/media?parent=920"}],"curies":[{"name":"wp","href":"https:\/\/api.w.org\/{rel}","templated":true}]}}