{"id":7741,"date":"2023-10-12T15:47:48","date_gmt":"2023-10-12T13:47:48","guid":{"rendered":"https:\/\/kisme.com\/?page_id=7741"},"modified":"2024-05-29T13:06:30","modified_gmt":"2024-05-29T11:06:30","slug":"referenzen","status":"publish","type":"page","link":"https:\/\/kisme.com\/de\/referenzen\/","title":{"rendered":"Referenzen"},"content":{"rendered":"\t\t<div data-elementor-type=\"wp-post\" data-elementor-id=\"7741\" class=\"elementor elementor-7741\">\n\t\t\t\t\t\t<section class=\"elementor-section elementor-top-section elementor-element elementor-element-4b637ea elementor-section-boxed elementor-section-height-default elementor-section-height-default parallax_section_no qode_elementor_container_no\" data-id=\"4b637ea\" data-element_type=\"section\">\n\t\t\t\t\t\t<div class=\"elementor-container elementor-column-gap-default\">\n\t\t\t\t\t<div class=\"elementor-column elementor-col-100 elementor-top-column elementor-element elementor-element-68414bf\" data-id=\"68414bf\" data-element_type=\"column\">\n\t\t\t<div class=\"elementor-widget-wrap elementor-element-populated\">\n\t\t\t\t\t\t<div class=\"elementor-element elementor-element-48ce12d elementor-widget elementor-widget-heading\" data-id=\"48ce12d\" data-element_type=\"widget\" data-widget_type=\"heading.default\">\n\t\t\t\t<div class=\"elementor-widget-container\">\n\t\t\t\t\t<h6 class=\"elementor-heading-title elementor-size-default\">Referenzen<\/h6>\t\t\t\t<\/div>\n\t\t\t\t<\/div>\n\t\t\t\t<div class=\"elementor-element elementor-element-bc85fd3 elementor-widget-divider--view-line elementor-widget elementor-widget-divider\" data-id=\"bc85fd3\" data-element_type=\"widget\" data-widget_type=\"divider.default\">\n\t\t\t\t<div class=\"elementor-widget-container\">\n\t\t\t\t\t\t\t<div class=\"elementor-divider\">\n\t\t\t<span class=\"elementor-divider-separator\">\n\t\t\t\t\t\t<\/span>\n\t\t<\/div>\n\t\t\t\t\t\t<\/div>\n\t\t\t\t<\/div>\n\t\t\t\t<div class=\"elementor-element elementor-element-54bb114 elementor-widget elementor-widget-heading\" data-id=\"54bb114\" data-element_type=\"widget\" data-widget_type=\"heading.default\">\n\t\t\t\t<div class=\"elementor-widget-container\">\n\t\t\t\t\t<h1 class=\"elementor-heading-title elementor-size-default\">Erfolgsgeschichten<\/h1>\t\t\t\t<\/div>\n\t\t\t\t<\/div>\n\t\t\t\t<div class=\"elementor-element elementor-element-77fe081 elementor-widget elementor-widget-text-editor\" data-id=\"77fe081\" data-element_type=\"widget\" data-widget_type=\"text-editor.default\">\n\t\t\t\t<div class=\"elementor-widget-container\">\n\t\t\t\t\t\t\t\t\t<p>Wir haben Unternehmen aus den unterschiedlichsten Branchen dabei unterst\u00fctzt, ihre Prozesse zu optimieren, Transparenz zu schaffen und ihre Effizienz zu steigern. Erfahren Sie aus erster Hand, wie unsere Kunden mit KIS.ME Zeit und Geld gespart, ihre Produktivit\u00e4t gesteigert und ihre Wettbewerbsf\u00e4higkeit verbessert haben.<\/p><p>Wir von KIS.ME sind stolz darauf, Unternehmen bei der digitalen Transformation zu unterst\u00fctzen und sind \u00fcberzeugt, dass Ihre Erfolgsgeschichte die n\u00e4chste sein kann.<\/p>\t\t\t\t\t\t\t\t<\/div>\n\t\t\t\t<\/div>\n\t\t\t\t\t<\/div>\n\t\t<\/div>\n\t\t\t\t\t<\/div>\n\t\t<\/section>\n\t\t\t\t<section class=\"elementor-section elementor-top-section elementor-element elementor-element-d91ddb2 elementor-section-boxed elementor-section-height-default elementor-section-height-default parallax_section_no qode_elementor_container_no\" data-id=\"d91ddb2\" data-element_type=\"section\">\n\t\t\t\t\t\t<div class=\"elementor-container elementor-column-gap-default\">\n\t\t\t\t\t<div class=\"elementor-column elementor-col-33 elementor-top-column elementor-element elementor-element-f5e9121\" data-id=\"f5e9121\" data-element_type=\"column\">\n\t\t\t<div class=\"elementor-widget-wrap elementor-element-populated\">\n\t\t\t\t\t\t<div class=\"elementor-element elementor-element-e8f266f elementor-widget elementor-widget-image\" data-id=\"e8f266f\" data-element_type=\"widget\" data-widget_type=\"image.default\">\n\t\t\t\t<div class=\"elementor-widget-container\">\n\t\t\t\t\t\t\t\t\t\t\t\t\t\t\t\t<a href=\"https:\/\/kisme.com\/de\/ifm\/\">\n\t\t\t\t\t\t\t<img fetchpriority=\"high\" decoding=\"async\" width=\"300\" height=\"300\" src=\"https:\/\/kisme.com\/wp-content\/uploads\/2024\/01\/Zeichenflache-2-1.png\" class=\"attachment-medium size-medium wp-image-8148\" alt=\"\" srcset=\"https:\/\/kisme.com\/wp-content\/uploads\/2024\/01\/Zeichenflache-2-1.png 300w, https:\/\/kisme.com\/wp-content\/uploads\/2024\/01\/Zeichenflache-2-1-150x150.png 150w\" sizes=\"(max-width: 300px) 100vw, 300px\" \/>\t\t\t\t\t\t\t\t<\/a>\n\t\t\t\t\t\t\t\t\t\t\t\t\t\t\t<\/div>\n\t\t\t\t<\/div>\n\t\t\t\t<div class=\"elementor-element elementor-element-d027225 elementor-widget elementor-widget-image\" data-id=\"d027225\" data-element_type=\"widget\" data-widget_type=\"image.default\">\n\t\t\t\t<div class=\"elementor-widget-container\">\n\t\t\t\t\t\t\t\t\t\t\t\t\t\t\t\t<a href=\"https:\/\/kisme.com\/de\/e-tower\/\">\n\t\t\t\t\t\t\t<img decoding=\"async\" width=\"300\" height=\"300\" src=\"https:\/\/kisme.com\/wp-content\/uploads\/2024\/01\/E-Towers.png\" class=\"attachment-medium size-medium wp-image-8160\" alt=\"\" srcset=\"https:\/\/kisme.com\/wp-content\/uploads\/2024\/01\/E-Towers.png 300w, https:\/\/kisme.com\/wp-content\/uploads\/2024\/01\/E-Towers-150x150.png 150w\" sizes=\"(max-width: 300px) 100vw, 300px\" \/>\t\t\t\t\t\t\t\t<\/a>\n\t\t\t\t\t\t\t\t\t\t\t\t\t\t\t<\/div>\n\t\t\t\t<\/div>\n\t\t\t\t<div class=\"elementor-element elementor-element-86cbedb elementor-widget elementor-widget-image\" data-id=\"86cbedb\" data-element_type=\"widget\" data-widget_type=\"image.default\">\n\t\t\t\t<div class=\"elementor-widget-container\">\n\t\t\t\t\t\t\t\t\t\t\t\t\t\t\t<img decoding=\"async\" width=\"300\" height=\"300\" src=\"https:\/\/kisme.com\/wp-content\/uploads\/2024\/01\/Schaabmueller.png\" class=\"attachment-medium size-medium wp-image-8175\" alt=\"\" srcset=\"https:\/\/kisme.com\/wp-content\/uploads\/2024\/01\/Schaabmueller.png 300w, https:\/\/kisme.com\/wp-content\/uploads\/2024\/01\/Schaabmueller-150x150.png 150w\" sizes=\"(max-width: 300px) 100vw, 300px\" \/>\t\t\t\t\t\t\t\t\t\t\t\t\t\t\t<\/div>\n\t\t\t\t<\/div>\n\t\t\t\t<div class=\"elementor-element elementor-element-dca0ea9 elementor-widget elementor-widget-image\" data-id=\"dca0ea9\" data-element_type=\"widget\" data-widget_type=\"image.default\">\n\t\t\t\t<div class=\"elementor-widget-container\">\n\t\t\t\t\t\t\t\t\t\t\t\t\t\t\t<img loading=\"lazy\" decoding=\"async\" width=\"300\" height=\"300\" src=\"https:\/\/kisme.com\/wp-content\/uploads\/2024\/01\/Bewatec-1.png\" class=\"attachment-medium size-medium wp-image-8173\" alt=\"\" srcset=\"https:\/\/kisme.com\/wp-content\/uploads\/2024\/01\/Bewatec-1.png 300w, https:\/\/kisme.com\/wp-content\/uploads\/2024\/01\/Bewatec-1-150x150.png 150w\" sizes=\"(max-width: 300px) 100vw, 300px\" \/>\t\t\t\t\t\t\t\t\t\t\t\t\t\t\t<\/div>\n\t\t\t\t<\/div>\n\t\t\t\t\t<\/div>\n\t\t<\/div>\n\t\t\t\t<div class=\"elementor-column elementor-col-33 elementor-top-column elementor-element elementor-element-955155b\" data-id=\"955155b\" data-element_type=\"column\">\n\t\t\t<div class=\"elementor-widget-wrap elementor-element-populated\">\n\t\t\t\t\t\t<div class=\"elementor-element elementor-element-099c3ca elementor-widget elementor-widget-image\" data-id=\"099c3ca\" data-element_type=\"widget\" data-widget_type=\"image.default\">\n\t\t\t\t<div class=\"elementor-widget-container\">\n\t\t\t\t\t\t\t\t\t\t\t\t\t\t\t\t<a href=\"https:\/\/kisme.com\/de\/loesungen\/erfolgsgeschichten\/elesta-digitalisierung-von-handarbeitsplaetzen\/\">\n\t\t\t\t\t\t\t<img loading=\"lazy\" decoding=\"async\" width=\"300\" height=\"300\" src=\"https:\/\/kisme.com\/wp-content\/uploads\/2024\/01\/Elesta.png\" class=\"attachment-medium size-medium wp-image-8150\" alt=\"\" srcset=\"https:\/\/kisme.com\/wp-content\/uploads\/2024\/01\/Elesta.png 300w, https:\/\/kisme.com\/wp-content\/uploads\/2024\/01\/Elesta-150x150.png 150w\" sizes=\"(max-width: 300px) 100vw, 300px\" \/>\t\t\t\t\t\t\t\t<\/a>\n\t\t\t\t\t\t\t\t\t\t\t\t\t\t\t<\/div>\n\t\t\t\t<\/div>\n\t\t\t\t<div class=\"elementor-element elementor-element-a315563 elementor-widget elementor-widget-image\" data-id=\"a315563\" data-element_type=\"widget\" data-widget_type=\"image.default\">\n\t\t\t\t<div class=\"elementor-widget-container\">\n\t\t\t\t\t\t\t\t\t\t\t\t\t\t\t<img loading=\"lazy\" decoding=\"async\" width=\"300\" height=\"300\" src=\"https:\/\/kisme.com\/wp-content\/uploads\/2024\/01\/KNF.png\" class=\"attachment-medium size-medium wp-image-8156\" alt=\"\" srcset=\"https:\/\/kisme.com\/wp-content\/uploads\/2024\/01\/KNF.png 300w, https:\/\/kisme.com\/wp-content\/uploads\/2024\/01\/KNF-150x150.png 150w\" sizes=\"(max-width: 300px) 100vw, 300px\" \/>\t\t\t\t\t\t\t\t\t\t\t\t\t\t\t<\/div>\n\t\t\t\t<\/div>\n\t\t\t\t<div class=\"elementor-element elementor-element-0a4d8f1 elementor-widget elementor-widget-image\" data-id=\"0a4d8f1\" data-element_type=\"widget\" data-widget_type=\"image.default\">\n\t\t\t\t<div class=\"elementor-widget-container\">\n\t\t\t\t\t\t\t\t\t\t\t\t\t\t\t\t<a href=\"https:\/\/kisme.com\/de\/rafi-ungarn\/\">\n\t\t\t\t\t\t\t<img loading=\"lazy\" decoding=\"async\" width=\"300\" height=\"300\" src=\"https:\/\/kisme.com\/wp-content\/uploads\/2024\/01\/Soluware.png\" class=\"attachment-medium size-medium wp-image-8183\" alt=\"\" srcset=\"https:\/\/kisme.com\/wp-content\/uploads\/2024\/01\/Soluware.png 300w, https:\/\/kisme.com\/wp-content\/uploads\/2024\/01\/Soluware-150x150.png 150w\" sizes=\"(max-width: 300px) 100vw, 300px\" \/>\t\t\t\t\t\t\t\t<\/a>\n\t\t\t\t\t\t\t\t\t\t\t\t\t\t\t<\/div>\n\t\t\t\t<\/div>\n\t\t\t\t<div class=\"elementor-element elementor-element-633c184 elementor-widget elementor-widget-image\" data-id=\"633c184\" data-element_type=\"widget\" data-widget_type=\"image.default\">\n\t\t\t\t<div class=\"elementor-widget-container\">\n\t\t\t\t\t\t\t\t\t\t\t\t\t\t\t<img loading=\"lazy\" decoding=\"async\" width=\"300\" height=\"300\" src=\"https:\/\/kisme.com\/wp-content\/uploads\/2024\/01\/Derivatech-1.png\" class=\"attachment-medium size-medium wp-image-8181\" alt=\"\" srcset=\"https:\/\/kisme.com\/wp-content\/uploads\/2024\/01\/Derivatech-1.png 300w, https:\/\/kisme.com\/wp-content\/uploads\/2024\/01\/Derivatech-1-150x150.png 150w\" sizes=\"(max-width: 300px) 100vw, 300px\" \/>\t\t\t\t\t\t\t\t\t\t\t\t\t\t\t<\/div>\n\t\t\t\t<\/div>\n\t\t\t\t\t<\/div>\n\t\t<\/div>\n\t\t\t\t<div class=\"elementor-column elementor-col-33 elementor-top-column elementor-element elementor-element-c271fce\" data-id=\"c271fce\" data-element_type=\"column\">\n\t\t\t<div class=\"elementor-widget-wrap elementor-element-populated\">\n\t\t\t\t\t\t<div class=\"elementor-element elementor-element-db8701f elementor-widget elementor-widget-image\" data-id=\"db8701f\" data-element_type=\"widget\" data-widget_type=\"image.default\">\n\t\t\t\t<div class=\"elementor-widget-container\">\n\t\t\t\t\t\t\t\t\t\t\t\t\t\t\t<img loading=\"lazy\" decoding=\"async\" width=\"300\" height=\"300\" src=\"https:\/\/kisme.com\/wp-content\/uploads\/2024\/01\/Viessmann-1.png\" class=\"attachment-medium size-medium wp-image-8158\" alt=\"\" srcset=\"https:\/\/kisme.com\/wp-content\/uploads\/2024\/01\/Viessmann-1.png 300w, https:\/\/kisme.com\/wp-content\/uploads\/2024\/01\/Viessmann-1-150x150.png 150w\" sizes=\"(max-width: 300px) 100vw, 300px\" \/>\t\t\t\t\t\t\t\t\t\t\t\t\t\t\t<\/div>\n\t\t\t\t<\/div>\n\t\t\t\t<div class=\"elementor-element elementor-element-61fc30a elementor-widget elementor-widget-image\" data-id=\"61fc30a\" data-element_type=\"widget\" data-widget_type=\"image.default\">\n\t\t\t\t<div class=\"elementor-widget-container\">\n\t\t\t\t\t\t\t\t\t\t\t\t\t\t\t<img loading=\"lazy\" decoding=\"async\" width=\"300\" height=\"300\" src=\"https:\/\/kisme.com\/wp-content\/uploads\/2024\/01\/Leica.png\" class=\"attachment-medium size-medium wp-image-8152\" alt=\"\" srcset=\"https:\/\/kisme.com\/wp-content\/uploads\/2024\/01\/Leica.png 300w, https:\/\/kisme.com\/wp-content\/uploads\/2024\/01\/Leica-150x150.png 150w\" sizes=\"(max-width: 300px) 100vw, 300px\" \/>\t\t\t\t\t\t\t\t\t\t\t\t\t\t\t<\/div>\n\t\t\t\t<\/div>\n\t\t\t\t<div class=\"elementor-element elementor-element-a2b78c1 elementor-widget elementor-widget-image\" data-id=\"a2b78c1\" data-element_type=\"widget\" data-widget_type=\"image.default\">\n\t\t\t\t<div class=\"elementor-widget-container\">\n\t\t\t\t\t\t\t\t\t\t\t\t\t\t\t<img loading=\"lazy\" decoding=\"async\" width=\"300\" height=\"300\" src=\"https:\/\/kisme.com\/wp-content\/uploads\/2024\/01\/RAFI.png\" class=\"attachment-medium size-medium wp-image-8166\" alt=\"\" srcset=\"https:\/\/kisme.com\/wp-content\/uploads\/2024\/01\/RAFI.png 300w, https:\/\/kisme.com\/wp-content\/uploads\/2024\/01\/RAFI-150x150.png 150w\" sizes=\"(max-width: 300px) 100vw, 300px\" \/>\t\t\t\t\t\t\t\t\t\t\t\t\t\t\t<\/div>\n\t\t\t\t<\/div>\n\t\t\t\t\t<\/div>\n\t\t<\/div>\n\t\t\t\t\t<\/div>\n\t\t<\/section>\n\t\t\t\t<section class=\"elementor-section elementor-top-section elementor-element elementor-element-52747f9 elementor-section-boxed elementor-section-height-default elementor-section-height-default parallax_section_no qode_elementor_container_no\" data-id=\"52747f9\" data-element_type=\"section\">\n\t\t\t\t\t\t<div class=\"elementor-container elementor-column-gap-default\">\n\t\t\t\t\t<div class=\"elementor-column elementor-col-100 elementor-top-column elementor-element elementor-element-e3fb7bc\" data-id=\"e3fb7bc\" data-element_type=\"column\">\n\t\t\t<div class=\"elementor-widget-wrap\">\n\t\t\t\t\t\t\t<\/div>\n\t\t<\/div>\n\t\t\t\t\t<\/div>\n\t\t<\/section>\n\t\t\t\t<section class=\"elementor-section elementor-top-section elementor-element elementor-element-7e1fbe7 elementor-section-boxed elementor-section-height-default elementor-section-height-default parallax_section_no qode_elementor_container_no\" data-id=\"7e1fbe7\" data-element_type=\"section\">\n\t\t\t\t\t\t<div class=\"elementor-container elementor-column-gap-default\">\n\t\t\t\t\t<div class=\"elementor-column elementor-col-100 elementor-top-column elementor-element elementor-element-3c624e5\" data-id=\"3c624e5\" data-element_type=\"column\">\n\t\t\t<div class=\"elementor-widget-wrap elementor-element-populated\">\n\t\t\t\t\t\t<div class=\"elementor-element elementor-element-bb6f59f elementor-widget elementor-widget-image\" data-id=\"bb6f59f\" data-element_type=\"widget\" data-widget_type=\"image.default\">\n\t\t\t\t<div class=\"elementor-widget-container\">\n\t\t\t\t\t\t\t\t\t\t\t\t\t\t\t<img loading=\"lazy\" decoding=\"async\" width=\"1860\" height=\"1044\" src=\"https:\/\/kisme.com\/wp-content\/uploads\/2021\/12\/TheSystem_Standbild.png\" class=\"attachment-full size-full wp-image-684\" alt=\"DIGITALISIERUNG VON PROZESSEN MIT KIS.ME AM BEISPIEL VON RAFI\" srcset=\"https:\/\/kisme.com\/wp-content\/uploads\/2021\/12\/TheSystem_Standbild.png 1860w, https:\/\/kisme.com\/wp-content\/uploads\/2021\/12\/TheSystem_Standbild-300x168.png 300w, https:\/\/kisme.com\/wp-content\/uploads\/2021\/12\/TheSystem_Standbild-1024x575.png 1024w, https:\/\/kisme.com\/wp-content\/uploads\/2021\/12\/TheSystem_Standbild-768x431.png 768w, https:\/\/kisme.com\/wp-content\/uploads\/2021\/12\/TheSystem_Standbild-1536x862.png 1536w, https:\/\/kisme.com\/wp-content\/uploads\/2021\/12\/TheSystem_Standbild-700x393.png 700w, https:\/\/kisme.com\/wp-content\/uploads\/2021\/12\/TheSystem_Standbild-539x303.png 539w\" sizes=\"(max-width: 1860px) 100vw, 1860px\" \/>\t\t\t\t\t\t\t\t\t\t\t\t\t\t\t<\/div>\n\t\t\t\t<\/div>\n\t\t\t\t<div class=\"elementor-element elementor-element-226fd3d elementor-widget__width-initial elementor-widget elementor-widget-qi_addons_for_elementor_call_to_action\" data-id=\"226fd3d\" data-element_type=\"widget\" data-widget_type=\"qi_addons_for_elementor_call_to_action.default\">\n\t\t\t\t<div class=\"elementor-widget-container\">\n\t\t\t\t\t<div class=\"qodef-shortcode qodef-m qodef-qi-call-to-action qodef-layout--standard qodef-button-below--768 qodef-link-overlay\">\n\t<div class=\"qodef-m-inner\">\n\t\t<div class=\"qodef-m-content\">\n\t\t\t<h4 class=\"qodef-m-title\">\n\t\t\tRevolutionieren Sie ihre Prozesse mit KIS.ME\t\t<\/h4>\n\t\t\t\t<div class=\"qodef-m-text\">\n\t\t\tErfahren Sie, wie KIS.ME Ihre Prozesse optimieren kann! <br>Fordern Sie jetzt eine unverbindliche Beratung an und erhalten Sie ma\u00dfgeschneiderte L\u00f6sungen.\n\n\t\t<\/div>\n\t<\/div>\n\t\t\t<div class=\"qodef-m-button\">\n\t\t<a class=\"qodef-shortcode qodef-m qodef-qi-button qodef-html--link qodef-layout--outlined qodef-type--standard qodef-icon--right qodef-hover--icon-move-horizontal-short\" href=\"https:\/\/kisme.com\/de\/kontakt\/#Kontaktformular\" target=\"_self\">\t<span class=\"qodef-m-text\">JETZT ANFRAGEN<\/span>\t\t<span class=\"qodef-m-icon\">\t\t<span class=\"qodef-m-icon-inner\">\t\t\t<i aria-hidden=\"true\" class=\"fas fa-arrow-right\"><\/i>\t\t\t\t\t<\/span>\t<\/span><\/a>\t<\/div>\n\t\t\t\t\t<a class=\"qodef-m-link\" href=\"https:\/\/kisme.com\/de\/kontakt\/#Kontaktformular\" target=\"_self\"><\/a>\n\t\t\t<\/div>\n<\/div>\n\t\t\t\t<\/div>\n\t\t\t\t<\/div>\n\t\t\t\t<div class=\"elementor-element elementor-element-9be1d91 elementor-widget elementor-widget-spacer\" data-id=\"9be1d91\" data-element_type=\"widget\" data-widget_type=\"spacer.default\">\n\t\t\t\t<div class=\"elementor-widget-container\">\n\t\t\t\t\t\t\t<div class=\"elementor-spacer\">\n\t\t\t<div class=\"elementor-spacer-inner\"><\/div>\n\t\t<\/div>\n\t\t\t\t\t\t<\/div>\n\t\t\t\t<\/div>\n\t\t\t\t\t<\/div>\n\t\t<\/div>\n\t\t\t\t\t<\/div>\n\t\t<\/section>\n\t\t\t\t<\/div>\n\t\t","protected":false},"excerpt":{"rendered":"<p>Referenzen Erfolgsgeschichten Wir haben Unternehmen aus den unterschiedlichsten Branchen dabei unterst\u00fctzt, ihre Prozesse zu optimieren, Transparenz zu schaffen und ihre Effizienz zu steigern. Erfahren Sie aus erster Hand, wie unsere Kunden mit KIS.ME Zeit und Geld gespart, ihre Produktivit\u00e4t gesteigert und ihre Wettbewerbsf\u00e4higkeit verbessert haben&#8230;.<\/p>\n","protected":false},"author":7,"featured_media":0,"parent":0,"menu_order":0,"comment_status":"closed","ping_status":"closed","template":"","meta":{"footnotes":""},"class_list":["post-7741","page","type-page","status-publish","hentry"],"_links":{"self":[{"href":"https:\/\/kisme.com\/de\/wp-json\/wp\/v2\/pages\/7741","targetHints":{"allow":["GET"]}}],"collection":[{"href":"https:\/\/kisme.com\/de\/wp-json\/wp\/v2\/pages"}],"about":[{"href":"https:\/\/kisme.com\/de\/wp-json\/wp\/v2\/types\/page"}],"author":[{"embeddable":true,"href":"https:\/\/kisme.com\/de\/wp-json\/wp\/v2\/users\/7"}],"replies":[{"embeddable":true,"href":"https:\/\/kisme.com\/de\/wp-json\/wp\/v2\/comments?post=7741"}],"version-history":[{"count":96,"href":"https:\/\/kisme.com\/de\/wp-json\/wp\/v2\/pages\/7741\/revisions"}],"predecessor-version":[{"id":9057,"href":"https:\/\/kisme.com\/de\/wp-json\/wp\/v2\/pages\/7741\/revisions\/9057"}],"wp:attachment":[{"href":"https:\/\/kisme.com\/de\/wp-json\/wp\/v2\/media?parent=7741"}],"curies":[{"name":"wp","href":"https:\/\/api.w.org\/{rel}","templated":true}]}}