{"id":5651,"date":"2022-08-18T13:19:24","date_gmt":"2022-08-18T11:19:24","guid":{"rendered":"https:\/\/kisme.com\/?page_id=5651"},"modified":"2022-08-18T14:52:31","modified_gmt":"2022-08-18T12:52:31","slug":"kontakt-neu","status":"publish","type":"page","link":"https:\/\/kisme.com\/de\/kontakt-neu\/","title":{"rendered":"Kontakt neu"},"content":{"rendered":"\t\t<div data-elementor-type=\"wp-page\" data-elementor-id=\"5651\" class=\"elementor elementor-5651\">\n\t\t\t\t\t\t<section class=\"elementor-section elementor-top-section elementor-element elementor-element-1b13c8d elementor-section-boxed elementor-section-height-default elementor-section-height-default parallax_section_no qode_elementor_container_no\" data-id=\"1b13c8d\" data-element_type=\"section\">\n\t\t\t\t\t\t<div class=\"elementor-container elementor-column-gap-default\">\n\t\t\t\t\t<div class=\"elementor-column elementor-col-100 elementor-top-column elementor-element elementor-element-557ab4c\" data-id=\"557ab4c\" data-element_type=\"column\">\n\t\t\t<div class=\"elementor-widget-wrap elementor-element-populated\">\n\t\t\t\t\t\t<div class=\"elementor-element elementor-element-9cb5289 elementor-widget elementor-widget-heading\" data-id=\"9cb5289\" data-element_type=\"widget\" data-widget_type=\"heading.default\">\n\t\t\t\t<div class=\"elementor-widget-container\">\n\t\t\t\t\t<h6 class=\"elementor-heading-title elementor-size-default\">Wir sind f\u00fcr Sie da<\/h6>\t\t\t\t<\/div>\n\t\t\t\t<\/div>\n\t\t\t\t<div class=\"elementor-element elementor-element-49f3039 elementor-widget-divider--view-line elementor-widget elementor-widget-divider\" data-id=\"49f3039\" data-element_type=\"widget\" data-widget_type=\"divider.default\">\n\t\t\t\t<div class=\"elementor-widget-container\">\n\t\t\t\t\t\t\t<div class=\"elementor-divider\">\n\t\t\t<span class=\"elementor-divider-separator\">\n\t\t\t\t\t\t<\/span>\n\t\t<\/div>\n\t\t\t\t\t\t<\/div>\n\t\t\t\t<\/div>\n\t\t\t\t<div class=\"elementor-element elementor-element-b730b02 elementor-widget elementor-widget-heading\" data-id=\"b730b02\" data-element_type=\"widget\" data-widget_type=\"heading.default\">\n\t\t\t\t<div class=\"elementor-widget-container\">\n\t\t\t\t\t<h1 class=\"elementor-heading-title elementor-size-default\">Kontakt<\/h1>\t\t\t\t<\/div>\n\t\t\t\t<\/div>\n\t\t\t\t<div class=\"elementor-element elementor-element-56f2820 elementor-widget elementor-widget-text-editor\" data-id=\"56f2820\" data-element_type=\"widget\" data-widget_type=\"text-editor.default\">\n\t\t\t\t<div class=\"elementor-widget-container\">\n\t\t\t\t\t\t\t\t\t<p>Hier gibts Hilfe! Sollten Sie Fragen zu KIS.ME haben oder Unterst\u00fctzung bei der Konfiguration ben\u00f6tigen, finden Sie hier im Support-Bereich die passende L\u00f6sung. Sollten Sie jedoch nicht zum gew\u00fcnschten Ziel kommen oder sich die Schwierigkeiten nicht aufl\u00f6sen, stehen wir Ihnen telefonisch oder per Mail sehr gerne zur Verf\u00fcgung. Unsere Hotline ist zu den Gesch\u00e4ftszeiten besetzt.<\/p>\t\t\t\t\t\t\t\t<\/div>\n\t\t\t\t<\/div>\n\t\t\t\t\t<\/div>\n\t\t<\/div>\n\t\t\t\t\t<\/div>\n\t\t<\/section>\n\t\t\t\t<section class=\"elementor-section elementor-top-section elementor-element elementor-element-ae859a7 elementor-section-boxed elementor-section-height-default elementor-section-height-default parallax_section_no qode_elementor_container_no\" data-id=\"ae859a7\" data-element_type=\"section\">\n\t\t\t\t\t\t<div class=\"elementor-container elementor-column-gap-default\">\n\t\t\t\t\t<div class=\"elementor-column elementor-col-50 elementor-top-column elementor-element elementor-element-06aa0c8\" data-id=\"06aa0c8\" data-element_type=\"column\">\n\t\t\t<div class=\"elementor-widget-wrap elementor-element-populated\">\n\t\t\t\t\t\t<div class=\"elementor-element elementor-element-1ff9357 elementor-widget elementor-widget-image\" data-id=\"1ff9357\" data-element_type=\"widget\" data-widget_type=\"image.default\">\n\t\t\t\t<div class=\"elementor-widget-container\">\n\t\t\t\t\t\t\t\t\t\t\t\t\t\t\t\t<a href=\"\/support\/manuals\/\">\n\t\t\t\t\t\t\t<img fetchpriority=\"high\" decoding=\"async\" width=\"750\" height=\"500\" src=\"https:\/\/kisme.com\/wp-content\/uploads\/2022\/02\/support-hotline.jpg\" class=\"attachment-large size-large wp-image-1617\" alt=\"KIS.ME Support Hotline zum Anrufen\" srcset=\"https:\/\/kisme.com\/wp-content\/uploads\/2022\/02\/support-hotline.jpg 750w, https:\/\/kisme.com\/wp-content\/uploads\/2022\/02\/support-hotline-300x200.jpg 300w, https:\/\/kisme.com\/wp-content\/uploads\/2022\/02\/support-hotline-700x467.jpg 700w\" sizes=\"(max-width: 750px) 100vw, 750px\" \/>\t\t\t\t\t\t\t\t<\/a>\n\t\t\t\t\t\t\t\t\t\t\t\t\t\t\t<\/div>\n\t\t\t\t<\/div>\n\t\t\t\t\t<\/div>\n\t\t<\/div>\n\t\t\t\t<div class=\"elementor-column elementor-col-50 elementor-top-column elementor-element elementor-element-f3eeb41\" data-id=\"f3eeb41\" data-element_type=\"column\">\n\t\t\t<div class=\"elementor-widget-wrap elementor-element-populated\">\n\t\t\t\t\t\t<div class=\"elementor-element elementor-element-bec7623 elementor-widget elementor-widget-heading\" data-id=\"bec7623\" data-element_type=\"widget\" data-widget_type=\"heading.default\">\n\t\t\t\t<div class=\"elementor-widget-container\">\n\t\t\t\t\t<h6 class=\"elementor-heading-title elementor-size-default\">SCHNELLE HILFE F\u00dcR ALLE<\/h6>\t\t\t\t<\/div>\n\t\t\t\t<\/div>\n\t\t\t\t<div class=\"elementor-element elementor-element-c050d16 elementor-widget-divider--view-line elementor-widget elementor-widget-divider\" data-id=\"c050d16\" data-element_type=\"widget\" data-widget_type=\"divider.default\">\n\t\t\t\t<div class=\"elementor-widget-container\">\n\t\t\t\t\t\t\t<div class=\"elementor-divider\">\n\t\t\t<span class=\"elementor-divider-separator\">\n\t\t\t\t\t\t<\/span>\n\t\t<\/div>\n\t\t\t\t\t\t<\/div>\n\t\t\t\t<\/div>\n\t\t\t\t<div class=\"elementor-element elementor-element-acf6460 elementor-widget elementor-widget-heading\" data-id=\"acf6460\" data-element_type=\"widget\" data-widget_type=\"heading.default\">\n\t\t\t\t<div class=\"elementor-widget-container\">\n\t\t\t\t\t<h2 class=\"elementor-heading-title elementor-size-default\"><a href=\"\/support\/\">Support<\/a><\/h2>\t\t\t\t<\/div>\n\t\t\t\t<\/div>\n\t\t\t\t<div class=\"elementor-element elementor-element-50930ff elementor-widget elementor-widget-text-editor\" data-id=\"50930ff\" data-element_type=\"widget\" data-widget_type=\"text-editor.default\">\n\t\t\t\t<div class=\"elementor-widget-container\">\n\t\t\t\t\t\t\t\t\t<p>Hier gibts Hilfe! Sollten Sie Fragen zu KIS.ME haben oder Unterst\u00fctzung bei der Konfiguration ben\u00f6tigen, finden Sie hier im Support-Bereich die passende L\u00f6sung. Sollten Sie jedoch nicht zum gew\u00fcnschten Ziel kommen oder sich die Schwierigkeiten nicht aufl\u00f6sen, stehen wir Ihnen telefonisch oder per Mail sehr gerne zur Verf\u00fcgung. Unsere Hotline ist zu den Gesch\u00e4ftszeiten besetzt.<\/p>\t\t\t\t\t\t\t\t<\/div>\n\t\t\t\t<\/div>\n\t\t\t\t<div class=\"elementor-element elementor-element-a8cdfb8 elementor-align-right elementor-widget elementor-widget-button\" data-id=\"a8cdfb8\" data-element_type=\"widget\" data-widget_type=\"button.default\">\n\t\t\t\t<div class=\"elementor-widget-container\">\n\t\t\t\t\t\t\t\t\t<div class=\"elementor-button-wrapper\">\n\t\t\t\t\t<a class=\"elementor-button elementor-button-link elementor-size-md\" href=\"\/support\/\">\n\t\t\t\t\t\t<span class=\"elementor-button-content-wrapper\">\n\t\t\t\t\t\t<span class=\"elementor-button-icon\">\n\t\t\t\t<i aria-hidden=\"true\" class=\"fas fa-arrow-right\"><\/i>\t\t\t<\/span>\n\t\t\t\t\t\t\t\t\t<span class=\"elementor-button-text\">Zum Supportbereich<\/span>\n\t\t\t\t\t<\/span>\n\t\t\t\t\t<\/a>\n\t\t\t\t<\/div>\n\t\t\t\t\t\t\t\t<\/div>\n\t\t\t\t<\/div>\n\t\t\t\t\t<\/div>\n\t\t<\/div>\n\t\t\t\t\t<\/div>\n\t\t<\/section>\n\t\t\t\t<section class=\"elementor-section elementor-top-section elementor-element elementor-element-131bcd1 elementor-section-boxed elementor-section-height-default elementor-section-height-default parallax_section_no qode_elementor_container_no\" data-id=\"131bcd1\" data-element_type=\"section\">\n\t\t\t\t\t\t<div class=\"elementor-container elementor-column-gap-default\">\n\t\t\t\t\t<div class=\"elementor-column elementor-col-50 elementor-top-column elementor-element elementor-element-8bfe32d\" data-id=\"8bfe32d\" data-element_type=\"column\">\n\t\t\t<div class=\"elementor-widget-wrap elementor-element-populated\">\n\t\t\t\t\t\t<div class=\"elementor-element elementor-element-c9fedca elementor-widget elementor-widget-heading\" data-id=\"c9fedca\" data-element_type=\"widget\" data-widget_type=\"heading.default\">\n\t\t\t\t<div class=\"elementor-widget-container\">\n\t\t\t\t\t<h6 class=\"elementor-heading-title elementor-size-default\">Wir greifen unter die Arme<\/h6>\t\t\t\t<\/div>\n\t\t\t\t<\/div>\n\t\t\t\t<div class=\"elementor-element elementor-element-07973c4 elementor-widget-divider--view-line elementor-widget elementor-widget-divider\" data-id=\"07973c4\" data-element_type=\"widget\" data-widget_type=\"divider.default\">\n\t\t\t\t<div class=\"elementor-widget-container\">\n\t\t\t\t\t\t\t<div class=\"elementor-divider\">\n\t\t\t<span class=\"elementor-divider-separator\">\n\t\t\t\t\t\t<\/span>\n\t\t<\/div>\n\t\t\t\t\t\t<\/div>\n\t\t\t\t<\/div>\n\t\t\t\t<div class=\"elementor-element elementor-element-392f861 elementor-widget elementor-widget-heading\" data-id=\"392f861\" data-element_type=\"widget\" data-widget_type=\"heading.default\">\n\t\t\t\t<div class=\"elementor-widget-container\">\n\t\t\t\t\t<h2 class=\"elementor-heading-title elementor-size-default\"><a href=\"\/support\/faq\">Service<\/a><\/h2>\t\t\t\t<\/div>\n\t\t\t\t<\/div>\n\t\t\t\t<div class=\"elementor-element elementor-element-3e77e65 elementor-widget elementor-widget-text-editor\" data-id=\"3e77e65\" data-element_type=\"widget\" data-widget_type=\"text-editor.default\">\n\t\t\t\t<div class=\"elementor-widget-container\">\n\t\t\t\t\t\t\t\t\t<p>Sie kennen schon den Anwendungsfall in Ihrem Unternehmen, brauchen aber in der Umsetzung etwas Unterst\u00fctzung?\u00a0<\/p><p>Gerne sind wir zur Stelle und unsere Experten helfen Ihnen, den Use-Case schnell und direkt in die Praxis umzusetzen. Gerne kommen wir auch bei Ihnen vorbei und helfen, wo wir k\u00f6nnen.<\/p><p>Wir konfigurieren Ihre individuelle KIS.ME L\u00f6sung an Ihre Bed\u00fcrfnisse und stimmen jeden einzelnen Schritt mit Ihnen ab. Eine vollst\u00e4ndige Dokumentation der Funktionen (Regeln, Dashboards, KPIs, etc.) stellen wir gerne zur Verf\u00fcgung und \u00fcbergeben Ihnen so eine vollst\u00e4ndige und funktionierende L\u00f6sung.<\/p>\t\t\t\t\t\t\t\t<\/div>\n\t\t\t\t<\/div>\n\t\t\t\t<div class=\"elementor-element elementor-element-7d1b461 elementor-widget elementor-widget-button\" data-id=\"7d1b461\" data-element_type=\"widget\" data-widget_type=\"button.default\">\n\t\t\t\t<div class=\"elementor-widget-container\">\n\t\t\t\t\t\t\t\t\t<div class=\"elementor-button-wrapper\">\n\t\t\t\t\t<a class=\"elementor-button elementor-button-link elementor-size-md\" href=\"\/kontakt\/service\/\">\n\t\t\t\t\t\t<span class=\"elementor-button-content-wrapper\">\n\t\t\t\t\t\t<span class=\"elementor-button-icon\">\n\t\t\t\t<i aria-hidden=\"true\" class=\"fas fa-arrow-right\"><\/i>\t\t\t<\/span>\n\t\t\t\t\t\t\t\t\t<span class=\"elementor-button-text\">Serviceleistung anfragen<\/span>\n\t\t\t\t\t<\/span>\n\t\t\t\t\t<\/a>\n\t\t\t\t<\/div>\n\t\t\t\t\t\t\t\t<\/div>\n\t\t\t\t<\/div>\n\t\t\t\t\t<\/div>\n\t\t<\/div>\n\t\t\t\t<div class=\"elementor-column elementor-col-50 elementor-top-column elementor-element elementor-element-76863dc\" data-id=\"76863dc\" data-element_type=\"column\">\n\t\t\t<div class=\"elementor-widget-wrap elementor-element-populated\">\n\t\t\t\t\t\t<div class=\"elementor-element elementor-element-1e4a310 elementor-widget elementor-widget-image\" data-id=\"1e4a310\" data-element_type=\"widget\" data-widget_type=\"image.default\">\n\t\t\t\t<div class=\"elementor-widget-container\">\n\t\t\t\t\t\t\t\t\t\t\t\t\t\t\t\t<a href=\"\/support\/faq\">\n\t\t\t\t\t\t\t<img decoding=\"async\" width=\"1000\" height=\"667\" src=\"https:\/\/kisme.com\/wp-content\/uploads\/2022\/07\/AdobeStock_410298117.jpg\" class=\"attachment-large size-large wp-image-5251\" alt=\"Retrofitting\" srcset=\"https:\/\/kisme.com\/wp-content\/uploads\/2022\/07\/AdobeStock_410298117.jpg 1000w, https:\/\/kisme.com\/wp-content\/uploads\/2022\/07\/AdobeStock_410298117-300x200.jpg 300w, https:\/\/kisme.com\/wp-content\/uploads\/2022\/07\/AdobeStock_410298117-768x512.jpg 768w, https:\/\/kisme.com\/wp-content\/uploads\/2022\/07\/AdobeStock_410298117-700x467.jpg 700w\" sizes=\"(max-width: 1000px) 100vw, 1000px\" \/>\t\t\t\t\t\t\t\t<\/a>\n\t\t\t\t\t\t\t\t\t\t\t\t\t\t\t<\/div>\n\t\t\t\t<\/div>\n\t\t\t\t\t<\/div>\n\t\t<\/div>\n\t\t\t\t\t<\/div>\n\t\t<\/section>\n\t\t\t\t<section class=\"elementor-section elementor-top-section elementor-element elementor-element-7314903 elementor-section-boxed elementor-section-height-default elementor-section-height-default parallax_section_no qode_elementor_container_no\" data-id=\"7314903\" data-element_type=\"section\">\n\t\t\t\t\t\t<div class=\"elementor-container elementor-column-gap-default\">\n\t\t\t\t\t<div class=\"elementor-column elementor-col-50 elementor-top-column elementor-element elementor-element-5ba333c\" data-id=\"5ba333c\" data-element_type=\"column\">\n\t\t\t<div class=\"elementor-widget-wrap elementor-element-populated\">\n\t\t\t\t\t\t<div class=\"elementor-element elementor-element-ae791bc elementor-widget elementor-widget-image\" data-id=\"ae791bc\" data-element_type=\"widget\" data-widget_type=\"image.default\">\n\t\t\t\t<div class=\"elementor-widget-container\">\n\t\t\t\t\t\t\t\t\t\t\t\t\t\t\t\t<a href=\"\/support\/tutorials\">\n\t\t\t\t\t\t\t<img decoding=\"async\" width=\"768\" height=\"432\" src=\"https:\/\/kisme.com\/wp-content\/uploads\/2022\/08\/kisme_team-768x432.png\" class=\"attachment-medium_large size-medium_large wp-image-5653\" alt=\"\" srcset=\"https:\/\/kisme.com\/wp-content\/uploads\/2022\/08\/kisme_team-768x432.png 768w, https:\/\/kisme.com\/wp-content\/uploads\/2022\/08\/kisme_team-300x169.png 300w, https:\/\/kisme.com\/wp-content\/uploads\/2022\/08\/kisme_team-1024x576.png 1024w, https:\/\/kisme.com\/wp-content\/uploads\/2022\/08\/kisme_team-1536x864.png 1536w, https:\/\/kisme.com\/wp-content\/uploads\/2022\/08\/kisme_team-700x394.png 700w, https:\/\/kisme.com\/wp-content\/uploads\/2022\/08\/kisme_team-539x303.png 539w, https:\/\/kisme.com\/wp-content\/uploads\/2022\/08\/kisme_team.png 1649w\" sizes=\"(max-width: 768px) 100vw, 768px\" \/>\t\t\t\t\t\t\t\t<\/a>\n\t\t\t\t\t\t\t\t\t\t\t\t\t\t\t<\/div>\n\t\t\t\t<\/div>\n\t\t\t\t\t<\/div>\n\t\t<\/div>\n\t\t\t\t<div class=\"elementor-column elementor-col-50 elementor-top-column elementor-element elementor-element-62605a9\" data-id=\"62605a9\" data-element_type=\"column\">\n\t\t\t<div class=\"elementor-widget-wrap elementor-element-populated\">\n\t\t\t\t\t\t<div class=\"elementor-element elementor-element-23038bb elementor-widget elementor-widget-heading\" data-id=\"23038bb\" data-element_type=\"widget\" data-widget_type=\"heading.default\">\n\t\t\t\t<div class=\"elementor-widget-container\">\n\t\t\t\t\t<h6 class=\"elementor-heading-title elementor-size-default\">Wer steckt dahinter<\/h6>\t\t\t\t<\/div>\n\t\t\t\t<\/div>\n\t\t\t\t<div class=\"elementor-element elementor-element-de6b360 elementor-widget-divider--view-line elementor-widget elementor-widget-divider\" data-id=\"de6b360\" data-element_type=\"widget\" data-widget_type=\"divider.default\">\n\t\t\t\t<div class=\"elementor-widget-container\">\n\t\t\t\t\t\t\t<div class=\"elementor-divider\">\n\t\t\t<span class=\"elementor-divider-separator\">\n\t\t\t\t\t\t<\/span>\n\t\t<\/div>\n\t\t\t\t\t\t<\/div>\n\t\t\t\t<\/div>\n\t\t\t\t<div class=\"elementor-element elementor-element-fc25da6 elementor-widget elementor-widget-heading\" data-id=\"fc25da6\" data-element_type=\"widget\" data-widget_type=\"heading.default\">\n\t\t\t\t<div class=\"elementor-widget-container\">\n\t\t\t\t\t<h2 class=\"elementor-heading-title elementor-size-default\"><a href=\"\/support\/tutorials\">Team<\/a><\/h2>\t\t\t\t<\/div>\n\t\t\t\t<\/div>\n\t\t\t\t<div class=\"elementor-element elementor-element-e0b3f88 elementor-widget elementor-widget-text-editor\" data-id=\"e0b3f88\" data-element_type=\"widget\" data-widget_type=\"text-editor.default\">\n\t\t\t\t<div class=\"elementor-widget-container\">\n\t\t\t\t\t\t\t\t\t<p>Wir \u00f6ffnen die Kulissen und zeigen Ihnen, wer im Kernteam von KIS.ME steckt. Nat\u00fcrlich k\u00f6nnen wir hier nicht alle Beteiligten auff\u00fchren , aber zumindest stellen sich die wichtigsten Akteure vor.<\/p>\t\t\t\t\t\t\t\t<\/div>\n\t\t\t\t<\/div>\n\t\t\t\t<div class=\"elementor-element elementor-element-793fd72 elementor-align-right elementor-widget elementor-widget-button\" data-id=\"793fd72\" data-element_type=\"widget\" data-widget_type=\"button.default\">\n\t\t\t\t<div class=\"elementor-widget-container\">\n\t\t\t\t\t\t\t\t\t<div class=\"elementor-button-wrapper\">\n\t\t\t\t\t<a class=\"elementor-button elementor-button-link elementor-size-md\" href=\"\/kontakt\/team\/\">\n\t\t\t\t\t\t<span class=\"elementor-button-content-wrapper\">\n\t\t\t\t\t\t<span class=\"elementor-button-icon\">\n\t\t\t\t<i aria-hidden=\"true\" class=\"fas fa-arrow-right\"><\/i>\t\t\t<\/span>\n\t\t\t\t\t\t\t\t\t<span class=\"elementor-button-text\">Team ansehen<\/span>\n\t\t\t\t\t<\/span>\n\t\t\t\t\t<\/a>\n\t\t\t\t<\/div>\n\t\t\t\t\t\t\t\t<\/div>\n\t\t\t\t<\/div>\n\t\t\t\t\t<\/div>\n\t\t<\/div>\n\t\t\t\t\t<\/div>\n\t\t<\/section>\n\t\t\t\t<section class=\"elementor-section elementor-top-section elementor-element elementor-element-33b2854 elementor-section-boxed elementor-section-height-default elementor-section-height-default parallax_section_no qode_elementor_container_no\" data-id=\"33b2854\" data-element_type=\"section\">\n\t\t\t\t\t\t<div class=\"elementor-container elementor-column-gap-default\">\n\t\t\t\t\t<div class=\"elementor-column elementor-col-50 elementor-top-column elementor-element elementor-element-c0f9765\" data-id=\"c0f9765\" data-element_type=\"column\">\n\t\t\t<div class=\"elementor-widget-wrap elementor-element-populated\">\n\t\t\t\t\t\t<div class=\"elementor-element elementor-element-664a633 elementor-widget elementor-widget-heading\" data-id=\"664a633\" data-element_type=\"widget\" data-widget_type=\"heading.default\">\n\t\t\t\t<div class=\"elementor-widget-container\">\n\t\t\t\t\t<h6 class=\"elementor-heading-title elementor-size-default\">Messen und Events<\/h6>\t\t\t\t<\/div>\n\t\t\t\t<\/div>\n\t\t\t\t<div class=\"elementor-element elementor-element-e4715fd elementor-widget-divider--view-line elementor-widget elementor-widget-divider\" data-id=\"e4715fd\" data-element_type=\"widget\" data-widget_type=\"divider.default\">\n\t\t\t\t<div class=\"elementor-widget-container\">\n\t\t\t\t\t\t\t<div class=\"elementor-divider\">\n\t\t\t<span class=\"elementor-divider-separator\">\n\t\t\t\t\t\t<\/span>\n\t\t<\/div>\n\t\t\t\t\t\t<\/div>\n\t\t\t\t<\/div>\n\t\t\t\t<div class=\"elementor-element elementor-element-a5a5281 elementor-widget elementor-widget-heading\" data-id=\"a5a5281\" data-element_type=\"widget\" data-widget_type=\"heading.default\">\n\t\t\t\t<div class=\"elementor-widget-container\">\n\t\t\t\t\t<h2 class=\"elementor-heading-title elementor-size-default\"><a href=\"\/support\/kontakt\/\">Live erleben<\/a><\/h2>\t\t\t\t<\/div>\n\t\t\t\t<\/div>\n\t\t\t\t<div class=\"elementor-element elementor-element-e9311b0 elementor-widget elementor-widget-text-editor\" data-id=\"e9311b0\" data-element_type=\"widget\" data-widget_type=\"text-editor.default\">\n\t\t\t\t<div class=\"elementor-widget-container\">\n\t\t\t\t\t\t\t\t\t<p>KIS.ME greifbar machen und live erleben. Das k\u00f6nnen Sie auf verschiedenen Messen und Veranstaltungen das ganze Jahr \u00fcber.<\/p>\t\t\t\t\t\t\t\t<\/div>\n\t\t\t\t<\/div>\n\t\t\t\t<div class=\"elementor-element elementor-element-5ce1171 elementor-align-left elementor-widget elementor-widget-button\" data-id=\"5ce1171\" data-element_type=\"widget\" data-widget_type=\"button.default\">\n\t\t\t\t<div class=\"elementor-widget-container\">\n\t\t\t\t\t\t\t\t\t<div class=\"elementor-button-wrapper\">\n\t\t\t\t\t<a class=\"elementor-button elementor-button-link elementor-size-md\" href=\"\/kontakt\/live\/\">\n\t\t\t\t\t\t<span class=\"elementor-button-content-wrapper\">\n\t\t\t\t\t\t<span class=\"elementor-button-icon\">\n\t\t\t\t<i aria-hidden=\"true\" class=\"fas fa-arrow-right\"><\/i>\t\t\t<\/span>\n\t\t\t\t\t\t\t\t\t<span class=\"elementor-button-text\">Messen und Events<\/span>\n\t\t\t\t\t<\/span>\n\t\t\t\t\t<\/a>\n\t\t\t\t<\/div>\n\t\t\t\t\t\t\t\t<\/div>\n\t\t\t\t<\/div>\n\t\t\t\t\t<\/div>\n\t\t<\/div>\n\t\t\t\t<div class=\"elementor-column elementor-col-50 elementor-top-column elementor-element elementor-element-cf23d2d\" data-id=\"cf23d2d\" data-element_type=\"column\">\n\t\t\t<div class=\"elementor-widget-wrap elementor-element-populated\">\n\t\t\t\t\t\t<div class=\"elementor-element elementor-element-6785cf2 elementor-widget elementor-widget-image\" data-id=\"6785cf2\" data-element_type=\"widget\" data-widget_type=\"image.default\">\n\t\t\t\t<div class=\"elementor-widget-container\">\n\t\t\t\t\t\t\t\t\t\t\t\t\t\t\t\t<a href=\"\/support\/kontakt\/\">\n\t\t\t\t\t\t\t<img loading=\"lazy\" decoding=\"async\" width=\"643\" height=\"483\" src=\"https:\/\/kisme.com\/wp-content\/uploads\/2022\/04\/Bild1.png\" class=\"attachment-medium_large size-medium_large wp-image-3440\" alt=\"\" srcset=\"https:\/\/kisme.com\/wp-content\/uploads\/2022\/04\/Bild1.png 643w, https:\/\/kisme.com\/wp-content\/uploads\/2022\/04\/Bild1-300x225.png 300w\" sizes=\"(max-width: 643px) 100vw, 643px\" \/>\t\t\t\t\t\t\t\t<\/a>\n\t\t\t\t\t\t\t\t\t\t\t\t\t\t\t<\/div>\n\t\t\t\t<\/div>\n\t\t\t\t\t<\/div>\n\t\t<\/div>\n\t\t\t\t\t<\/div>\n\t\t<\/section>\n\t\t\t\t<\/div>\n\t\t","protected":false},"excerpt":{"rendered":"<p>Wir sind f\u00fcr Sie da Kontakt Hier gibts Hilfe! Sollten Sie Fragen zu KIS.ME haben oder Unterst\u00fctzung bei der Konfiguration ben\u00f6tigen, finden Sie hier im Support-Bereich die passende L\u00f6sung. Sollten Sie jedoch nicht zum gew\u00fcnschten Ziel kommen oder sich die Schwierigkeiten nicht aufl\u00f6sen, stehen wir&#8230;<\/p>\n","protected":false},"author":3,"featured_media":1624,"parent":0,"menu_order":0,"comment_status":"closed","ping_status":"closed","template":"","meta":{"footnotes":""},"class_list":["post-5651","page","type-page","status-publish","has-post-thumbnail","hentry"],"_links":{"self":[{"href":"https:\/\/kisme.com\/de\/wp-json\/wp\/v2\/pages\/5651","targetHints":{"allow":["GET"]}}],"collection":[{"href":"https:\/\/kisme.com\/de\/wp-json\/wp\/v2\/pages"}],"about":[{"href":"https:\/\/kisme.com\/de\/wp-json\/wp\/v2\/types\/page"}],"author":[{"embeddable":true,"href":"https:\/\/kisme.com\/de\/wp-json\/wp\/v2\/users\/3"}],"replies":[{"embeddable":true,"href":"https:\/\/kisme.com\/de\/wp-json\/wp\/v2\/comments?post=5651"}],"version-history":[{"count":20,"href":"https:\/\/kisme.com\/de\/wp-json\/wp\/v2\/pages\/5651\/revisions"}],"predecessor-version":[{"id":5677,"href":"https:\/\/kisme.com\/de\/wp-json\/wp\/v2\/pages\/5651\/revisions\/5677"}],"wp:featuredmedia":[{"embeddable":true,"href":"https:\/\/kisme.com\/de\/wp-json\/wp\/v2\/media\/1624"}],"wp:attachment":[{"href":"https:\/\/kisme.com\/de\/wp-json\/wp\/v2\/media?parent=5651"}],"curies":[{"name":"wp","href":"https:\/\/api.w.org\/{rel}","templated":true}]}}