{"id":359,"date":"2021-03-24T12:51:37","date_gmt":"2021-03-24T11:51:37","guid":{"rendered":"https:\/\/bridge424.qodeinteractive.com\/?page_id=359"},"modified":"2024-10-16T09:38:27","modified_gmt":"2024-10-16T07:38:27","slug":"kontakt","status":"publish","type":"page","link":"https:\/\/kisme.com\/de\/kontakt\/","title":{"rendered":"Kontakt"},"content":{"rendered":"\t\t<div data-elementor-type=\"wp-page\" data-elementor-id=\"359\" class=\"elementor elementor-359\">\n\t\t\t\t\t\t<section class=\"elementor-section elementor-top-section elementor-element elementor-element-3b8aea0 elementor-section-boxed elementor-section-height-default elementor-section-height-default parallax_section_no qode_elementor_container_no\" data-id=\"3b8aea0\" data-element_type=\"section\">\n\t\t\t\t\t\t<div class=\"elementor-container elementor-column-gap-default\">\n\t\t\t\t\t<div class=\"elementor-column elementor-col-100 elementor-top-column elementor-element elementor-element-3757152\" data-id=\"3757152\" data-element_type=\"column\">\n\t\t\t<div class=\"elementor-widget-wrap elementor-element-populated\">\n\t\t\t\t\t\t<div class=\"elementor-element elementor-element-cabf9e0 elementor-widget elementor-widget-heading\" data-id=\"cabf9e0\" data-element_type=\"widget\" data-widget_type=\"heading.default\">\n\t\t\t\t<div class=\"elementor-widget-container\">\n\t\t\t\t\t<h1 class=\"elementor-heading-title elementor-size-default\">Kontakt<\/h1>\t\t\t\t<\/div>\n\t\t\t\t<\/div>\n\t\t\t\t<div class=\"elementor-element elementor-element-4b3a7ea elementor-widget elementor-widget-text-editor\" data-id=\"4b3a7ea\" data-element_type=\"widget\" data-widget_type=\"text-editor.default\">\n\t\t\t\t<div class=\"elementor-widget-container\">\n\t\t\t\t\t\t\t\t\t<p>Vielen Dank f\u00fcr den Besuch unserer Website. Hier finden Sie alle Informationen, um mit uns in Verbindung zu treten und mehr \u00fcber unsere\u00a0Partner, kommende Messen und Events sowie unser\u00a0Webinar-Angebot\u00a0zu erfahren. Wir freuen uns darauf, von Ihnen zu h\u00f6ren und Sie bei Ihrem Anliegen zu unterst\u00fctzen. Wenn Sie noch Fragen oder W\u00fcnsche zu unserem Angebot haben, nehmen Sie einfach Kontakt mit uns auf.<\/p>\t\t\t\t\t\t\t\t<\/div>\n\t\t\t\t<\/div>\n\t\t\t\t<div class=\"elementor-element elementor-element-6d87f7e elementor-align-center elementor-widget elementor-widget-button\" data-id=\"6d87f7e\" data-element_type=\"widget\" data-widget_type=\"button.default\">\n\t\t\t\t<div class=\"elementor-widget-container\">\n\t\t\t\t\t\t\t\t\t<div class=\"elementor-button-wrapper\">\n\t\t\t\t\t<a class=\"elementor-button elementor-button-link elementor-size-sm\" href=\"#Kontaktformular\">\n\t\t\t\t\t\t<span class=\"elementor-button-content-wrapper\">\n\t\t\t\t\t\t\t\t\t<span class=\"elementor-button-text\">Zum Kontaktformular<\/span>\n\t\t\t\t\t<\/span>\n\t\t\t\t\t<\/a>\n\t\t\t\t<\/div>\n\t\t\t\t\t\t\t\t<\/div>\n\t\t\t\t<\/div>\n\t\t\t\t<div class=\"elementor-element elementor-element-608f1b2 elementor-widget elementor-widget-spacer\" data-id=\"608f1b2\" data-element_type=\"widget\" data-widget_type=\"spacer.default\">\n\t\t\t\t<div class=\"elementor-widget-container\">\n\t\t\t\t\t\t\t<div class=\"elementor-spacer\">\n\t\t\t<div class=\"elementor-spacer-inner\"><\/div>\n\t\t<\/div>\n\t\t\t\t\t\t<\/div>\n\t\t\t\t<\/div>\n\t\t\t\t\t<\/div>\n\t\t<\/div>\n\t\t\t\t\t<\/div>\n\t\t<\/section>\n\t\t\t\t<section class=\"elementor-section elementor-top-section elementor-element elementor-element-0c3cd51 elementor-section-boxed elementor-section-height-default elementor-section-height-default parallax_section_no qode_elementor_container_no\" data-id=\"0c3cd51\" data-element_type=\"section\">\n\t\t\t\t\t\t<div class=\"elementor-container elementor-column-gap-default\">\n\t\t\t\t\t<div class=\"elementor-column elementor-col-100 elementor-top-column elementor-element elementor-element-b00a675\" data-id=\"b00a675\" data-element_type=\"column\">\n\t\t\t<div class=\"elementor-widget-wrap elementor-element-populated\">\n\t\t\t\t\t\t<div class=\"elementor-element elementor-element-f987708 elementor-widget elementor-widget-spacer\" data-id=\"f987708\" data-element_type=\"widget\" data-widget_type=\"spacer.default\">\n\t\t\t\t<div class=\"elementor-widget-container\">\n\t\t\t\t\t\t\t<div class=\"elementor-spacer\">\n\t\t\t<div class=\"elementor-spacer-inner\"><\/div>\n\t\t<\/div>\n\t\t\t\t\t\t<\/div>\n\t\t\t\t<\/div>\n\t\t\t\t\t<\/div>\n\t\t<\/div>\n\t\t\t\t\t<\/div>\n\t\t<\/section>\n\t\t\t\t<section class=\"elementor-section elementor-top-section elementor-element elementor-element-6478934 elementor-section-boxed elementor-section-height-default elementor-section-height-default parallax_section_no qode_elementor_container_no\" data-id=\"6478934\" data-element_type=\"section\">\n\t\t\t\t\t\t<div class=\"elementor-container elementor-column-gap-default\">\n\t\t\t\t\t<div class=\"elementor-column elementor-col-100 elementor-top-column elementor-element elementor-element-606e7fb\" data-id=\"606e7fb\" data-element_type=\"column\">\n\t\t\t<div class=\"elementor-widget-wrap elementor-element-populated\">\n\t\t\t\t\t\t<div class=\"elementor-element elementor-element-2d3314d elementor-widget elementor-widget-heading\" data-id=\"2d3314d\" data-element_type=\"widget\" data-widget_type=\"heading.default\">\n\t\t\t\t<div class=\"elementor-widget-container\">\n\t\t\t\t\t<h4 class=\"elementor-heading-title elementor-size-default\">Partner<\/h4>\t\t\t\t<\/div>\n\t\t\t\t<\/div>\n\t\t\t\t<div class=\"elementor-element elementor-element-9f55d79 elementor-view-default elementor-widget elementor-widget-icon\" data-id=\"9f55d79\" data-element_type=\"widget\" data-widget_type=\"icon.default\">\n\t\t\t\t<div class=\"elementor-widget-container\">\n\t\t\t\t\t\t\t<div class=\"elementor-icon-wrapper\">\n\t\t\t<div class=\"elementor-icon\">\n\t\t\t<i aria-hidden=\"true\" class=\"far fa-address-card\"><\/i>\t\t\t<\/div>\n\t\t<\/div>\n\t\t\t\t\t\t<\/div>\n\t\t\t\t<\/div>\n\t\t\t\t<div class=\"elementor-element elementor-element-af4fc28 elementor-widget__width-initial elementor-widget elementor-widget-text-editor\" data-id=\"af4fc28\" data-element_type=\"widget\" data-widget_type=\"text-editor.default\">\n\t\t\t\t<div class=\"elementor-widget-container\">\n\t\t\t\t\t\t\t\t\t<p style=\"text-align: center;\">Lernen Sie unsere Partner kennen, die KIS.ME bereits erfolgreich in ihr Portfolio aufgenommen haben.<\/p>\t\t\t\t\t\t\t\t<\/div>\n\t\t\t\t<\/div>\n\t\t\t\t<div class=\"elementor-element elementor-element-966b6f4 elementor-widget elementor-widget-spacer\" data-id=\"966b6f4\" data-element_type=\"widget\" data-widget_type=\"spacer.default\">\n\t\t\t\t<div class=\"elementor-widget-container\">\n\t\t\t\t\t\t\t<div class=\"elementor-spacer\">\n\t\t\t<div class=\"elementor-spacer-inner\"><\/div>\n\t\t<\/div>\n\t\t\t\t\t\t<\/div>\n\t\t\t\t<\/div>\n\t\t\t\t<div class=\"elementor-element elementor-element-e4e9378 elementor-align-center elementor-widget elementor-widget-button\" data-id=\"e4e9378\" data-element_type=\"widget\" data-widget_type=\"button.default\">\n\t\t\t\t<div class=\"elementor-widget-container\">\n\t\t\t\t\t\t\t\t\t<div class=\"elementor-button-wrapper\">\n\t\t\t\t\t<a class=\"elementor-button elementor-button-link elementor-size-sm\" href=\"https:\/\/kisme.com\/de\/partner\/\">\n\t\t\t\t\t\t<span class=\"elementor-button-content-wrapper\">\n\t\t\t\t\t\t<span class=\"elementor-button-icon\">\n\t\t\t\t<i aria-hidden=\"true\" class=\"fas fa-arrow-right\"><\/i>\t\t\t<\/span>\n\t\t\t\t\t\t\t\t\t<span class=\"elementor-button-text\">KIS.ME Partner<\/span>\n\t\t\t\t\t<\/span>\n\t\t\t\t\t<\/a>\n\t\t\t\t<\/div>\n\t\t\t\t\t\t\t\t<\/div>\n\t\t\t\t<\/div>\n\t\t\t\t\t<\/div>\n\t\t<\/div>\n\t\t\t\t\t<\/div>\n\t\t<\/section>\n\t\t\t\t<section class=\"elementor-section elementor-top-section elementor-element elementor-element-a3bb71f elementor-section-boxed elementor-section-height-default elementor-section-height-default parallax_section_no qode_elementor_container_no\" data-id=\"a3bb71f\" data-element_type=\"section\">\n\t\t\t\t\t\t<div class=\"elementor-container elementor-column-gap-default\">\n\t\t\t\t\t<div class=\"elementor-column elementor-col-100 elementor-top-column elementor-element elementor-element-7b93721\" data-id=\"7b93721\" data-element_type=\"column\">\n\t\t\t<div class=\"elementor-widget-wrap elementor-element-populated\">\n\t\t\t\t\t\t<div class=\"elementor-element elementor-element-7d305f4 elementor-widget elementor-widget-spacer\" data-id=\"7d305f4\" data-element_type=\"widget\" data-widget_type=\"spacer.default\">\n\t\t\t\t<div class=\"elementor-widget-container\">\n\t\t\t\t\t\t\t<div class=\"elementor-spacer\">\n\t\t\t<div class=\"elementor-spacer-inner\"><\/div>\n\t\t<\/div>\n\t\t\t\t\t\t<\/div>\n\t\t\t\t<\/div>\n\t\t\t\t\t<\/div>\n\t\t<\/div>\n\t\t\t\t\t<\/div>\n\t\t<\/section>\n\t\t\t\t<section class=\"elementor-section elementor-top-section elementor-element elementor-element-3e22848 elementor-section-boxed elementor-section-height-default elementor-section-height-default parallax_section_no qode_elementor_container_no\" data-id=\"3e22848\" data-element_type=\"section\" data-settings=\"{&quot;background_background&quot;:&quot;classic&quot;}\">\n\t\t\t\t\t\t<div class=\"elementor-container elementor-column-gap-default\">\n\t\t\t\t\t<div class=\"elementor-column elementor-col-100 elementor-top-column elementor-element elementor-element-7a0dfc6\" data-id=\"7a0dfc6\" data-element_type=\"column\" data-settings=\"{&quot;background_background&quot;:&quot;gradient&quot;}\">\n\t\t\t<div class=\"elementor-widget-wrap elementor-element-populated\">\n\t\t\t\t\t\t<div class=\"elementor-element elementor-element-0e7a749 elementor-widget elementor-widget-menu-anchor\" data-id=\"0e7a749\" data-element_type=\"widget\" data-widget_type=\"menu-anchor.default\">\n\t\t\t\t<div class=\"elementor-widget-container\">\n\t\t\t\t\t\t\t<div class=\"elementor-menu-anchor\" id=\"Kontaktformular\"><\/div>\n\t\t\t\t\t\t<\/div>\n\t\t\t\t<\/div>\n\t\t\t\t<div class=\"elementor-element elementor-element-123066c elementor-widget elementor-widget-heading\" data-id=\"123066c\" data-element_type=\"widget\" data-widget_type=\"heading.default\">\n\t\t\t\t<div class=\"elementor-widget-container\">\n\t\t\t\t\t<h2 class=\"elementor-heading-title elementor-size-default\">Wir freuen uns auf Ihre Nachricht<\/h2>\t\t\t\t<\/div>\n\t\t\t\t<\/div>\n\t\t\t\t<div class=\"elementor-element elementor-element-461eb4b elementor-widget-divider--view-line elementor-widget elementor-widget-divider\" data-id=\"461eb4b\" data-element_type=\"widget\" data-widget_type=\"divider.default\">\n\t\t\t\t<div class=\"elementor-widget-container\">\n\t\t\t\t\t\t\t<div class=\"elementor-divider\">\n\t\t\t<span class=\"elementor-divider-separator\">\n\t\t\t\t\t\t<\/span>\n\t\t<\/div>\n\t\t\t\t\t\t<\/div>\n\t\t\t\t<\/div>\n\t\t\t\t\t<\/div>\n\t\t<\/div>\n\t\t\t\t\t<\/div>\n\t\t<\/section>\n\t\t\t\t<section class=\"elementor-section elementor-top-section elementor-element elementor-element-5ed178f elementor-section-boxed elementor-section-height-default elementor-section-height-default parallax_section_no qode_elementor_container_no\" data-id=\"5ed178f\" data-element_type=\"section\" data-settings=\"{&quot;background_background&quot;:&quot;classic&quot;}\">\n\t\t\t\t\t\t<div class=\"elementor-container elementor-column-gap-default\">\n\t\t\t\t\t<div class=\"elementor-column elementor-col-50 elementor-top-column elementor-element elementor-element-86df26c\" data-id=\"86df26c\" data-element_type=\"column\">\n\t\t\t<div class=\"elementor-widget-wrap elementor-element-populated\">\n\t\t\t\t\t\t<div class=\"elementor-element elementor-element-f50f8a5 elementor-view-default elementor-widget elementor-widget-icon\" data-id=\"f50f8a5\" data-element_type=\"widget\" data-widget_type=\"icon.default\">\n\t\t\t\t<div class=\"elementor-widget-container\">\n\t\t\t\t\t\t\t<div class=\"elementor-icon-wrapper\">\n\t\t\t<div class=\"elementor-icon\">\n\t\t\t<i aria-hidden=\"true\" class=\"fas fa-phone-alt\"><\/i>\t\t\t<\/div>\n\t\t<\/div>\n\t\t\t\t\t\t<\/div>\n\t\t\t\t<\/div>\n\t\t\t\t<div class=\"elementor-element elementor-element-49f87e7 elementor-widget elementor-widget-heading\" data-id=\"49f87e7\" data-element_type=\"widget\" data-widget_type=\"heading.default\">\n\t\t\t\t<div class=\"elementor-widget-container\">\n\t\t\t\t\t<h2 class=\"elementor-heading-title elementor-size-default\">Hotline<\/h2>\t\t\t\t<\/div>\n\t\t\t\t<\/div>\n\t\t\t\t<div class=\"elementor-element elementor-element-3f24270 elementor-widget elementor-widget-text-editor\" data-id=\"3f24270\" data-element_type=\"widget\" data-widget_type=\"text-editor.default\">\n\t\t\t\t<div class=\"elementor-widget-container\">\n\t\t\t\t\t\t\t\t\t<p style=\"text-align: center;\">Unsere KIS.ME Experten stehen Ihnen zu den angegebenen Gesch\u00e4ftszeiten gerne zur Verf\u00fcgung und freuen sich auf Ihre Kontaktaufnahme:<\/p>\t\t\t\t\t\t\t\t<\/div>\n\t\t\t\t<\/div>\n\t\t\t\t<div class=\"elementor-element elementor-element-b164fff elementor-widget elementor-widget-heading\" data-id=\"b164fff\" data-element_type=\"widget\" data-widget_type=\"heading.default\">\n\t\t\t\t<div class=\"elementor-widget-container\">\n\t\t\t\t\t<h3 class=\"elementor-heading-title elementor-size-default\"><b>+49 751 89-1170<\/b><\/h3>\t\t\t\t<\/div>\n\t\t\t\t<\/div>\n\t\t\t\t<div class=\"elementor-element elementor-element-2f3dd3d elementor-widget elementor-widget-spacer\" data-id=\"2f3dd3d\" data-element_type=\"widget\" data-widget_type=\"spacer.default\">\n\t\t\t\t<div class=\"elementor-widget-container\">\n\t\t\t\t\t\t\t<div class=\"elementor-spacer\">\n\t\t\t<div class=\"elementor-spacer-inner\"><\/div>\n\t\t<\/div>\n\t\t\t\t\t\t<\/div>\n\t\t\t\t<\/div>\n\t\t\t\t<div class=\"elementor-element elementor-element-28882b6 elementor-widget__width-initial elementor-widget elementor-widget-qi_addons_for_elementor_business_hours\" data-id=\"28882b6\" data-element_type=\"widget\" data-widget_type=\"qi_addons_for_elementor_business_hours.default\">\n\t\t\t\t<div class=\"elementor-widget-container\">\n\t\t\t\t\t<div class=\"qodef-shortcode qodef-m qodef-qi-business-hours qodef-layout--standard qodef-line-type--between qodef-resposive--no\">\n\t<div class=\"qodef-m-inner\">\n\t\t\t\t\t\t\t\t<div class=\"qodef-m-items\">\n\t\t\t<div class=\"qodef-e qodef-e-item elementor-repeater-item-9010c49\">\n\t\t\t<div class=\"qodef-e-title-holder\">\n\t\t\t\t\t\t<h6 class=\"qodef-e-day\">\n\t\t\t\tMontag\t\t\t<\/h6>\n\t\t<\/div>\n\t\t<div class=\"qodef-e-line\"><\/div>\n\t\t\t\t\t<p class=\"qodef-e-hours\">\n\t\t\t\t08.00 - 12.00 Uhr &amp; 13.00 - 17.00 Uhr\t\t\t<\/p>\n\t\t\t<\/div>\n<div class=\"qodef-e qodef-e-item elementor-repeater-item-60c6621\">\n\t\t\t<div class=\"qodef-e-title-holder\">\n\t\t\t\t\t\t<h6 class=\"qodef-e-day\">\n\t\t\t\tDienstag\t\t\t<\/h6>\n\t\t<\/div>\n\t\t<div class=\"qodef-e-line\"><\/div>\n\t\t\t\t\t<p class=\"qodef-e-hours\">\n\t\t\t\t08.00 - 12.00 Uhr &amp; 13.00 - 17.00 Uhr\t\t\t<\/p>\n\t\t\t<\/div>\n<div class=\"qodef-e qodef-e-item elementor-repeater-item-e5e87d7\">\n\t\t\t<div class=\"qodef-e-title-holder\">\n\t\t\t\t\t\t<h6 class=\"qodef-e-day\">\n\t\t\t\tMittwoch\t\t\t<\/h6>\n\t\t<\/div>\n\t\t<div class=\"qodef-e-line\"><\/div>\n\t\t\t\t\t<p class=\"qodef-e-hours\">\n\t\t\t\t08.00 - 12.00 Uhr &amp; 13.00 - 17.00 Uhr\t\t\t<\/p>\n\t\t\t<\/div>\n<div class=\"qodef-e qodef-e-item elementor-repeater-item-e9c90ad\">\n\t\t\t<div class=\"qodef-e-title-holder\">\n\t\t\t\t\t\t<h6 class=\"qodef-e-day\">\n\t\t\t\tDonnerstag\t\t\t<\/h6>\n\t\t<\/div>\n\t\t<div class=\"qodef-e-line\"><\/div>\n\t\t\t\t\t<p class=\"qodef-e-hours\">\n\t\t\t\t08.00 - 12.00 Uhr &amp; 13.00 - 17.00 Uhr\t\t\t<\/p>\n\t\t\t<\/div>\n<div class=\"qodef-e qodef-e-item elementor-repeater-item-aed4f34\">\n\t\t\t<div class=\"qodef-e-title-holder\">\n\t\t\t\t\t\t<h6 class=\"qodef-e-day\">\n\t\t\t\tFreitag\t\t\t<\/h6>\n\t\t<\/div>\n\t\t<div class=\"qodef-e-line\"><\/div>\n\t\t\t\t\t<p class=\"qodef-e-hours\">\n\t\t\t\t08.00 - 12.00 Uhr &amp; 13.00 - 15.00 Uhr\t\t\t<\/p>\n\t\t\t<\/div>\n\t\t<\/div>\n\t\t\t<div class=\"qodef-m-text\">\n\t\t<p style=\"text-align: center\">Alle Uhrzeiten sind lokale Uhrzeiten in Deutschland (CET)<\/p>\t<\/div>\n\t<\/div>\n<\/div>\n\t\t\t\t<\/div>\n\t\t\t\t<\/div>\n\t\t\t\t<div class=\"elementor-element elementor-element-54c7e6a elementor-widget elementor-widget-spacer\" data-id=\"54c7e6a\" data-element_type=\"widget\" data-widget_type=\"spacer.default\">\n\t\t\t\t<div class=\"elementor-widget-container\">\n\t\t\t\t\t\t\t<div class=\"elementor-spacer\">\n\t\t\t<div class=\"elementor-spacer-inner\"><\/div>\n\t\t<\/div>\n\t\t\t\t\t\t<\/div>\n\t\t\t\t<\/div>\n\t\t\t\t\t<\/div>\n\t\t<\/div>\n\t\t\t\t<div class=\"elementor-column elementor-col-50 elementor-top-column elementor-element elementor-element-095e64e\" data-id=\"095e64e\" data-element_type=\"column\">\n\t\t\t<div class=\"elementor-widget-wrap elementor-element-populated\">\n\t\t\t\t\t\t<div class=\"elementor-element elementor-element-740d4a5 elementor-absolute elementor-widget elementor-widget-html\" data-id=\"740d4a5\" data-element_type=\"widget\" data-settings=\"{&quot;_position&quot;:&quot;absolute&quot;}\" data-widget_type=\"html.default\">\n\t\t\t\t<div class=\"elementor-widget-container\">\n\t\t\t\t\t<iframe width=\"540\" height=\"1100\" src=\"\nhttps:\/\/a36b8b6f.sibforms.com\/serve\/MUIFAFUEO2YwRH_zJoUtoVtLgjX8ubAamxRQg-2Y016daHE7lXkaVckcVazukHvjPjM0dMfdFMl2TeMzbpNgZ6hN1IezmyUp-Vv-kDW5QFYmPLUjhYa8b-w40wX0QuhxpMFRm4GE2LW7xG3bGWH4RFi-6QvjZzyLnuV-fICB0e8gbI42i6C-bqAMAGoQ6JHGDchj48el2bH8_GBB\"\nframeborder=\"0\" scrolling=\"auto\" allowfullscreen style=\"display: block;margin-left: auto;margin-right: auto;max-width: 100%;\"><\/iframe>\n\t\t\t\t<\/div>\n\t\t\t\t<\/div>\n\t\t\t\t\t<\/div>\n\t\t<\/div>\n\t\t\t\t\t<\/div>\n\t\t<\/section>\n\t\t\t\t<\/div>\n\t\t","protected":false},"excerpt":{"rendered":"<p>Kontakt Vielen Dank f\u00fcr den Besuch unserer Website. Hier finden Sie alle Informationen, um mit uns in Verbindung zu treten und mehr \u00fcber unsere\u00a0Partner, kommende Messen und Events sowie unser\u00a0Webinar-Angebot\u00a0zu erfahren. Wir freuen uns darauf, von Ihnen zu h\u00f6ren und Sie bei Ihrem Anliegen zu&#8230;<\/p>\n","protected":false},"author":3,"featured_media":1616,"parent":0,"menu_order":0,"comment_status":"closed","ping_status":"closed","template":"","meta":{"footnotes":""},"class_list":["post-359","page","type-page","status-publish","has-post-thumbnail","hentry"],"_links":{"self":[{"href":"https:\/\/kisme.com\/de\/wp-json\/wp\/v2\/pages\/359","targetHints":{"allow":["GET"]}}],"collection":[{"href":"https:\/\/kisme.com\/de\/wp-json\/wp\/v2\/pages"}],"about":[{"href":"https:\/\/kisme.com\/de\/wp-json\/wp\/v2\/types\/page"}],"author":[{"embeddable":true,"href":"https:\/\/kisme.com\/de\/wp-json\/wp\/v2\/users\/3"}],"replies":[{"embeddable":true,"href":"https:\/\/kisme.com\/de\/wp-json\/wp\/v2\/comments?post=359"}],"version-history":[{"count":205,"href":"https:\/\/kisme.com\/de\/wp-json\/wp\/v2\/pages\/359\/revisions"}],"predecessor-version":[{"id":9534,"href":"https:\/\/kisme.com\/de\/wp-json\/wp\/v2\/pages\/359\/revisions\/9534"}],"wp:featuredmedia":[{"embeddable":true,"href":"https:\/\/kisme.com\/de\/wp-json\/wp\/v2\/media\/1616"}],"wp:attachment":[{"href":"https:\/\/kisme.com\/de\/wp-json\/wp\/v2\/media?parent=359"}],"curies":[{"name":"wp","href":"https:\/\/api.w.org\/{rel}","templated":true}]}}